{"id":1544,"date":"2020-04-25T13:11:41","date_gmt":"2020-04-25T13:11:41","guid":{"rendered":"http:\/\/mct.cyon.site\/ausblick-dup-2\/"},"modified":"2020-10-26T14:50:54","modified_gmt":"2020-10-26T14:50:54","slug":"cds-anwendung","status":"publish","type":"page","link":"http:\/\/mct.cyon.site\/de\/cds-anwendung\/","title":{"rendered":"CDS\/CDL-Anwendung bei Krebs"},"content":{"rendered":"\n<p>Unter den Erg\u00e4nzenden Optionen zur Metabolischen Therapie wurde unter anderem die Verwendung von Chlordioxid erw\u00e4hnt. Dabei handelt es sich um eine L\u00f6sung, die alle zwei Stunden selbst herzustellen ist. Diese Art der Chlordioxidherstellung wird auch MMS genannt.<\/p>\n\n\n\n<p>Auf dem Markt gibt es auch fertige Chlordioxid-L\u00f6sungen, CDL (ChlorDioxid L\u00f6sung) oder CDS (Chlorine Dioxide Solution) genannt. Die Anwendung von CDL ist einfacher:<\/p>\n\n\n\n<h4 class=\"wp-block-heading\">CDL\/CDS Anwendung<\/h4>\n\n\n\n<p>1-3 ml CDL alle 2 Stunden in einem Glas Wasser (total 8-10 mal\/Tag)<\/p>\n\n\n\n<p>Vorbereitung: T\u00e4glich eine Flasche Wasser mit 0.8 oder 1 Liter f\u00fcllen (je nachdem, ob man 8 oder 10 Dosen pro Tag nimmt) und die ben\u00f6tigte Menge CDL dazugeben. Minimal 8ml (geringste Dosis 8x 1ml), maximal 30ml (h\u00f6chste Dosis 10x3ml).<br>Daraus jeweils ein Glas mit 1 dl abf\u00fcllen und einnehmen. Am besten markiert man am Glas 1 dl.<\/p>\n\n\n\n<p>Anpassen an Vertr\u00e4glichkeit. Abstand 30 Min vor und 60 Min nach Mahlzeiten und Medikamenten! Halbwertzeit im Blut ca. 1.5h. Nicht mit Antioxidans (z.B. Vitamin C) kombinieren; hebt Wirkung auf!<\/p>\n\n\n\n<p>Nach Aktivierung im K\u00fchlschrank aufbewahren. Brauchbar ca. 6 Monate, da Gas entweicht. Im Laufe der Zeit st\u00e4rker dosieren, nach 6 Monaten ca. doppelt.<\/p>\n\n\n\n<p>Kann mit Metabolischer Therapie oder Vermox kombiniert werden.<\/p>\n\n\n\n<p>Quellen: Dr. Schwartz; Andreas Kalcker; siehe auch Basiskurs Chlordioxid <a href=\"https:\/\/elopage.com\/payer\/s\/naturalbiophysics\">https:\/\/elopage.com\/payer\/s\/naturalbiophysics<\/a><\/p>\n\n\n\n<h4 class=\"wp-block-heading\"><strong>M\u00f6gliche Bezugsquellen<\/strong><\/h4>\n\n\n\n<p>Aquarius Pro Life, Balla Consulting, 3312 Fraubrunnen, <br><a href=\"https:\/\/www.mms-cds.ch\/\" target=\"_blank\" rel=\"noreferrer noopener\">https:\/\/www.mms-cds.ch\/<\/a><\/p>\n\n\n\n<p>Produkt, Menge:  CDS Plus 250 ml<br>Preis: CHF 49.90<br>Reicht f\u00fcr Anzahl Tage: 10 (bei hoher Dosierung 24 ml\/Tag)<br>Kosten pro Tag: CHF 5<br>Kosten pro Monat: CHF 150<\/p>\n\n\n\n<h3 class=\"wp-block-heading\"><strong>MMS-Anwendung<\/strong><\/h3>\n\n\n\n<p>Die oben angegebene CDL\/CDS-Anwendung entspricht folgender MMS-Anwendung der selbst alle 2 Stunden hergestellten Chlordioxid-L\u00f6sung (1ml CDL entspricht 1 Tropfen MMS):<\/p>\n\n\n\n<p>Alle 2 Stunden 1-3 Tropfen<br>(8-10 mal\/Tag) mindestens 30 Min vor oder 60 Min nach Essen.<\/p>\n\n\n\n<p><br>Herstellung:<br>Unmittelbar vor Gebrauch je 1-3 Tropfen Natriumchlorit und Salzs\u00e4ure in kleines Gef\u00e4ss geben und 3 Min warten, dann in ein Glas Wasser sch\u00fctten, r\u00fchren und trinken.<br>Max. 30 Tropfen pro Tag. Halbwertzeit im Blut ca. 1.5h, d.h. es zerf\u00e4llt dann in Wasser, Sauerstoff und Kochsalz.<\/p>\n\n\n\n<p>Nicht gleichzeitig mit Vitamin C einnehmen \u2013 Wirkung wird aufgehoben!&nbsp; <\/p>\n\n\n\n<p>Quellen: Dr. Schwartz, Andreas Kalcker<br><a href=\"https:\/\/www.youtube.com\/watch?v=RZvy1GEW7SM\" target=\"_blank\" rel=\"noreferrer noopener\">https:\/\/www.youtube.com\/watch?v=RZvy1GEW7SM<\/a><\/p>\n\n\n\n<script>\/\/ <![CDATA[\nfunction goBack() { window.history.back() }\n\/\/ ]]><\/script>\n<button onclick=\"goBack()\">Go Back<\/button>\n","protected":false},"excerpt":{"rendered":"<p>Unter den Erg\u00e4nzenden Optionen zur Metabolischen Therapie wurde unter anderem die Verwendung von Chlordioxid erw\u00e4hnt. Dabei handelt es sich um &hellip; <a href=\"http:\/\/mct.cyon.site\/de\/cds-anwendung\/\" class=\"more-link\"><span class=\"more-button\">Read More<span class=\"screen-reader-text\">CDS\/CDL-Anwendung bei Krebs<\/span><\/span><\/a><\/p>\n","protected":false},"author":1,"featured_media":0,"parent":0,"menu_order":0,"comment_status":"closed","ping_status":"closed","template":"","meta":{"footnotes":""},"class_list":["post-1544","page","type-page","status-publish","hentry"],"_links":{"self":[{"href":"http:\/\/mct.cyon.site\/de\/wp-json\/wp\/v2\/pages\/1544","targetHints":{"allow":["GET"]}}],"collection":[{"href":"http:\/\/mct.cyon.site\/de\/wp-json\/wp\/v2\/pages"}],"about":[{"href":"http:\/\/mct.cyon.site\/de\/wp-json\/wp\/v2\/types\/page"}],"author":[{"embeddable":true,"href":"http:\/\/mct.cyon.site\/de\/wp-json\/wp\/v2\/users\/1"}],"replies":[{"embeddable":true,"href":"http:\/\/mct.cyon.site\/de\/wp-json\/wp\/v2\/comments?post=1544"}],"version-history":[{"count":23,"href":"http:\/\/mct.cyon.site\/de\/wp-json\/wp\/v2\/pages\/1544\/revisions"}],"predecessor-version":[{"id":1871,"href":"http:\/\/mct.cyon.site\/de\/wp-json\/wp\/v2\/pages\/1544\/revisions\/1871"}],"wp:attachment":[{"href":"http:\/\/mct.cyon.site\/de\/wp-json\/wp\/v2\/media?parent=1544"}],"curies":[{"name":"wp","href":"https:\/\/api.w.org\/{rel}","templated":true}]}}