{"id":1546,"date":"2020-04-25T13:12:30","date_gmt":"2020-04-25T13:12:30","guid":{"rendered":"http:\/\/mct.cyon.site\/ausblick-dup-3\/"},"modified":"2021-03-08T10:09:31","modified_gmt":"2021-03-08T10:09:31","slug":"cds-funktion","status":"publish","type":"page","link":"http:\/\/mct.cyon.site\/de\/cds-funktion\/","title":{"rendered":"Wirkungsweise von Chlordioxid"},"content":{"rendered":"\n<p>Chlordioxid ist ein<strong> Oxidans, <\/strong>das schon nach wenigen Minuten alle sch\u00e4dlichen (pathogenen) Bakterien, Viren, Parasiten, W\u00fcrmer, Pilze und saure Zellen im Menschen abt\u00f6tet (oxidiert) und auf nat\u00fcrlichem Wege aus dem K\u00f6rper transportiert. Es \u00fcberwindet auch die Blut-Hirn-Schranke.<\/p>\n\n\n\n<p>Chlordioxid eliminiert alle Krankheitserreger, welche nicht im Gleichgewicht mit dem pH-Wert des K\u00f6rpers sind, sondern in saurer Umgebung leben. Die Wirkung wird noch verst\u00e4rkt, wenn die Krankheitserreger in Abwesenheit von Sauerstoff (Anaerobie) leben (Was beides ja auch bei <span class='tooltipsall tooltipsincontent classtoolTips0'>Krebs<\/span> zutrifft). Die Elimination der Krankheitserreger geschieht durch Oxidation (Verbrennung) und nicht durch Gift (wie bei der Chemo).<\/p>\n\n\n\n<p><strong>Oxidation<\/strong><\/p>\n\n\n\n<p>Beim chemischen Prozess der Oxidation reagiert Sauerstoff mit einer Substanz, das kann<\/p>\n\n\n\n<ul class=\"wp-block-list\"><li>Langsam vor sich gehen durch Einwirkung von Wasser oder Luft, z.B. beim Rosten von Metallen<br>oder<\/li><li>Schnell passieren durch Verbrennung, wobei W\u00e4rme (Energie) freigesetzt wird (tritt bei Elementen auf die Wasserstoff oder Kohlenstoff enthalten).<\/li><\/ul>\n\n\n\n<p>Bei der Oxidation verliert die oxidierte Substanz Elektronen. Die Elektronen verhalten sich wie ein &#171;Klebstoff&#187; der die Struktur der Substanz zusammenh\u00e4lt. Wenn also die oxidierte Substanz Elektronen verliert, verliert sie auch ihre Struktur (Eisenstab -&gt; Rost) und zerf\u00e4llt.<\/p>\n\n\n\n<ul class=\"wp-block-list\"><li>Toxine und Schwermetalle werden durch ihre Oxidation abgebaut<br><\/li><\/ul>\n\n\n\n<p>Ein Spezialfall ist die <strong>Reduktions-Oxidation (Redox)<\/strong>. Hier erfolgt eine Wechselwirkung zwischen dem oxidierenden und dem oxidierten (um Elektronen reduzierten) Element. Dieser Prozess l\u00e4uft bei Chlordioxid ab!<\/p>\n\n\n\n<ul class=\"wp-block-list\"><li>Chlordioxid oxidiert den Krankheitserreger, indem es ihm Elektronen wegnimmt, anschliessend zerf\u00e4llt es in Wasser, Sauerstoff und minimal Salz<\/li><\/ul>\n\n\n\n<p>Der Krankheitserreger wird oxidiert, d.h. er verliert Elektronen und verliert seine Wirkung (Reduktionselement)<\/p>\n\n\n\n<figure class=\"wp-block-image size-large is-resized\"><img loading=\"lazy\" decoding=\"async\" src=\"http:\/\/mct.cyon.site\/wp-content\/uploads\/2020\/04\/image-1.png\" alt=\"\" class=\"wp-image-1619\" width=\"667\" height=\"333\" srcset=\"http:\/\/mct.cyon.site\/wp-content\/uploads\/2020\/04\/image-1.png 583w, http:\/\/mct.cyon.site\/wp-content\/uploads\/2020\/04\/image-1-300x150.png 300w\" sizes=\"auto, (max-width: 667px) 100vw, 667px\" \/><figcaption>Redox<\/figcaption><\/figure>\n\n\n\n<p>Chlordioxid bleibt im K\u00f6rper nicht l\u00e4nger als zwei Stunden aktiv, danach zerf\u00e4llt es zu Wasser, etwas Salz und Sauerstoff (was den Bauch etwas aufbl\u00e4hen l\u00e4sst).<\/p>\n\n\n\n<p>Krankheitserreger, die durch die Anwendung von Chlordioxid abget\u00f6tet werden, k\u00f6nnen den K\u00f6rper nur \u00fcber die Leber verlassen, die sie abbaut. Bei einer intensiven Behandlung kann eine vor\u00fcbergehende \u00dcbelkeit auftreten. \u00dcbelkeit oder Durchfall ist ein Zeichen daf\u00fcr, dass Chlordioxid mehr Erreger abt\u00f6tet, als abgebaut werden k\u00f6nnen. In diesem Fall einen Tag aussetzen und anschliessend mit kleinerer Dosis wieder beginnen.<\/p>\n\n\n\n<p><br><strong>Chlordioxid \u2013 pH-Wert und Blut<\/strong><\/p>\n\n\n\n<p>Der pH-Wert (Wasserstoffpotential) wird zur Messung des S\u00e4ure- oder Alkalinit\u00e4tsgrades einer Fl\u00fcssigkeit verwendet. Er reicht von 0 (sauer) bis 14 (alkalisch), um 7 ist er neutral.<\/p>\n\n\n\n<ul class=\"wp-block-list\"><li>Das K\u00f6rperblut ist im Normalfall leicht alkalisch 7.3 -7.4<\/li><li>Sauerstoff ist die Hauptquelle f\u00fcr die Alkalisierung, hilft metabolischen S\u00e4uregehalt zu bek\u00e4mpfen<\/li><li>Die roten Blutk\u00f6rperchen geben den Sauerstoff an die s\u00e4urehaltigsten Stellen im K\u00f6rper ab, um den Bereich zu alkalisieren und einen optimalen pH-Wert zu erhalten (z.B. in den Muskeln beim Training)<\/li><li>Chlordioxid tut genau das Gleiche, es geht an die s\u00e4urehaltigsten Stellen, um den pH auszugleichen. Aber Chlordioxid gelangt selbst dorthin, wo das Blut nicht mehr hinkommt, da es extrem klein und wasserl\u00f6slich ist und der K\u00f6rper zu 70% aus Wasser besteht.<\/li><\/ul>\n\n\n\n<p><strong>DMSO (Dimenthylsulfoxid)<\/strong><\/p>\n\n\n\n<p><strong>DMSO ist eine nat\u00fcrliche Schwefelverbindung, die entscheidend die Wirksamkeit vieler Mittel verbessert.<\/strong> Als Transmitter transportiert DMSO die Wirkstoffe schneller und tiefer in den K\u00f6rper und bis in die Zellen, wie z.B. bei den inneren und \u00e4usseren Chlordioxid-Anwendungen. DMSO hat eine entw\u00e4ssernde, entz\u00fcndungshemmende und schmerzlindernde Wirkung, und hilft bei Durchblutungsst\u00f6rungen, Entz\u00fcndungen, Hautausschl\u00e4gen, Allergien, Schuppenflechte, Neurodermitis, Gelenk- und Muskelschmerzen, offene Wunden und f\u00f6rdert die Wund- und Narbenheilung.<\/p>\n\n\n\n<p><script>\/\/ <![CDATA[\nfunction goBack() { window.history.back() }\n\/\/ ]]><\/script>\n<button onclick=\"goBack()\">Go Back<\/button><\/p>\n<script type=\"text\/javascript\"> toolTips('.classtoolTips0','Krebs ist der Sammelbegriff f\u00fcr alle Krankheiten, bei denen urspr\u00fcnglich normale Zellen des menschlichen K\u00f6rpers sich zu Krebszellen ver\u00e4ndern. Krebszellen k\u00f6nnen sich ungehemmt vermehren, Tumoren bilden, dazu auch Blutgef\u00e4sse anzapfen, in benachbartes Gewebe einwachsen und es sch\u00e4digen, sich im K\u00f6rper ausbreiten und an anderen Stellen Tochtergeschw\u00fclste (Metastasen) bilden.'); <\/script>","protected":false},"excerpt":{"rendered":"<p>Chlordioxid ist ein Oxidans, das schon nach wenigen Minuten alle sch\u00e4dlichen (pathogenen) Bakterien, Viren, Parasiten, W\u00fcrmer, Pilze und saure Zellen &hellip; <a href=\"http:\/\/mct.cyon.site\/de\/cds-funktion\/\" class=\"more-link\"><span class=\"more-button\">Read More<span class=\"screen-reader-text\">Wirkungsweise von Chlordioxid<\/span><\/span><\/a><\/p>\n","protected":false},"author":1,"featured_media":0,"parent":0,"menu_order":0,"comment_status":"closed","ping_status":"closed","template":"","meta":{"footnotes":""},"class_list":["post-1546","page","type-page","status-publish","hentry"],"_links":{"self":[{"href":"http:\/\/mct.cyon.site\/de\/wp-json\/wp\/v2\/pages\/1546","targetHints":{"allow":["GET"]}}],"collection":[{"href":"http:\/\/mct.cyon.site\/de\/wp-json\/wp\/v2\/pages"}],"about":[{"href":"http:\/\/mct.cyon.site\/de\/wp-json\/wp\/v2\/types\/page"}],"author":[{"embeddable":true,"href":"http:\/\/mct.cyon.site\/de\/wp-json\/wp\/v2\/users\/1"}],"replies":[{"embeddable":true,"href":"http:\/\/mct.cyon.site\/de\/wp-json\/wp\/v2\/comments?post=1546"}],"version-history":[{"count":7,"href":"http:\/\/mct.cyon.site\/de\/wp-json\/wp\/v2\/pages\/1546\/revisions"}],"predecessor-version":[{"id":1930,"href":"http:\/\/mct.cyon.site\/de\/wp-json\/wp\/v2\/pages\/1546\/revisions\/1930"}],"wp:attachment":[{"href":"http:\/\/mct.cyon.site\/de\/wp-json\/wp\/v2\/media?parent=1546"}],"curies":[{"name":"wp","href":"https:\/\/api.w.org\/{rel}","templated":true}]}}