{"id":1601,"date":"2020-04-27T07:47:28","date_gmt":"2020-04-27T07:47:28","guid":{"rendered":"http:\/\/mct.cyon.site\/cds-cdl-anwendung-dup\/"},"modified":"2021-03-08T12:54:09","modified_gmt":"2021-03-08T12:54:09","slug":"cds-anwendung-corona","status":"publish","type":"page","link":"http:\/\/mct.cyon.site\/de\/cds-anwendung-corona\/","title":{"rendered":"CDS\/CDL-Anwendung bei Covid19"},"content":{"rendered":"\n<p>Die Wirkung von Chlordioxid gegen Krankheitserreger ist schon lange bekannt. <\/p>\n\n\n\n<ul class=\"wp-block-list\"><li>Es eliminiert Viren, Bakterien, Parasiten, Pilze usw. in einem weiten pH-Bereich.<\/li><li>Chlordioxid ist selektiv und reagiert dort, wo Krankheitserreger einen pH-Wert erzeugen der sauerer ist als der in unserem K\u00f6rper vorhandene. Und vorzugsweise mit Mikroorganismen, die in Anaerobie (Abwesenheit von Sauerstoff) leben. Die Patogene werden oxidiert (verbrannt).<\/li><li>Symbiotische Bakterien, die Teil unseres Organismus sind, werden verschont, da sie, wie der K\u00f6rper selbst einen h\u00f6heren pH-Wert haben.<\/li><li>Chlordioxid wirkt nicht als Gift (wie eine Chemotherapie) sondern oxidiert die Krankheitserreger ohne giftige Abf\u00e4lle zu hinterlassen.<\/li><\/ul>\n\n\n\n<h4 class=\"wp-block-heading\">Anwendung der Chlordioxid L\u00f6sung CDL\/CDS bei Covid-19<\/h4>\n\n\n\n<p>Achtung: es handelt sich um eine konzentrierte Anwendung f\u00fcr die Bek\u00e4mpfung &nbsp;eines gef\u00e4hrlichen Virus! Die nachstehenden Angaben beziehen sich auf die fertige Chlordioxid-L\u00f6sung CDL bzw. CDS (und nicht auf MMS).<\/p>\n\n\n\n<p>T\u00e4glich folgendes Protokoll durchf\u00fchren bis eine Besserung eintritt:<\/p>\n\n\n\n<ul class=\"wp-block-list\"><li>1 ml CDL alle 15 Min innert 2 Stunden (d.h. 8x, total 8ml), anschliessend<\/li><li>1 ml CDL jede Stunde 10x pro Tag (d.h. 10 ml)<\/li><\/ul>\n\n\n\n<p>Vorbereitung: T\u00e4glich zwei Flaschen mit 0.8 bzw. 1 Liter Wasser f\u00fcllen und darin 8 bzw. 10 ml CDL aufl\u00f6sen. Daraus jeweils ein Glas mit 1 dl abf\u00fcllen und einnehmen. Am besten bringt man am Glas die 1 dl-Markierung an.<\/p>\n\n\n\n<p>Vor dem Schlucken die Mundh\u00f6hle mit dem CDL gut sp\u00fclen um Viren in diesem Bereich schon abzut\u00f6ten. Es kann jeweils 1 Tropfen DMSO ins Glas dazu gegeben werden.<\/p>\n\n\n\n<p>Anpassen an Vertr\u00e4glichkeit. Abstand 1h vor und nach Mahlzeiten und Medikamenten!<\/p>\n\n\n\n<p>Quellen: Andreas Kalcker <a href=\"https:\/\/andreaskalcker.com\/de\/\" target=\"_blank\" rel=\"noreferrer noopener\">https:\/\/andreaskalcker.com\/de\/<\/a>            <br>Protokoll F kombiniert mit C.<\/p>\n\n\n\n<h4 class=\"wp-block-heading\"><strong>M\u00f6gliche Bezugsquellen<\/strong><\/h4>\n\n\n\n<p>Aquarius Pro Life, Balla Consulting, 3312 Fraubrunnen,<br><a rel=\"noreferrer noopener\" href=\"https:\/\/www.mms-cds.ch\/\" target=\"_blank\">https:\/\/www.mms-cds.ch\/<\/a> Produkt, Menge: CDS Plus 100 ml, 250 ml<br>Preis: CHF 24.90, 49.90 <br>Reicht f\u00fcr Anzahl Tage: 5.6, 13.9<br>Kosten pro Tag: CHF 4.50, 3.60<\/p>\n\n\n\n<h4 class=\"wp-block-heading\"><strong>Notvorrat f\u00fcr 2 Personen<\/strong> f\u00fcr 5 Tage<\/h4>\n\n\n\n<p>Der Tagesbedarf pro Person ist 18 ml; F\u00fcr 2 Personen und 5 Tage wird demzufolge 180ml ben\u00f6tigt. Notvorrat somit:<\/p>\n\n\n\n<ul class=\"wp-block-list\"><li>100 ml aktiviertes CDS Plus (Die Aktivierung ben\u00f6tigt 24 Stunden), damit sofort begonnen werden kann (6 Monate haltbar) plus<\/li><li>2x 100 ml CDS plus nicht aktiviert (2-3 Jahre haltbar)<\/li><\/ul>\n\n\n\n<p>Anmerkung: nicht zu verwechseln mit Hypochlorit (Bleichmittel) oder Chloroquin und Hydroxychloroquin (Malariamittel, mit Chinin strukturverwandt)<\/p>\n\n\n\n<script>\/\/ <![CDATA[\nfunction goBack() { window.history.back() }\n\/\/ ]]><\/script>\n<button onclick=\"goBack()\">Go Back<\/button>\n","protected":false},"excerpt":{"rendered":"<p>Die Wirkung von Chlordioxid gegen Krankheitserreger ist schon lange bekannt. Es eliminiert Viren, Bakterien, Parasiten, Pilze usw. in einem weiten &hellip; <a href=\"http:\/\/mct.cyon.site\/de\/cds-anwendung-corona\/\" class=\"more-link\"><span class=\"more-button\">Read More<span class=\"screen-reader-text\">CDS\/CDL-Anwendung bei Covid19<\/span><\/span><\/a><\/p>\n","protected":false},"author":1,"featured_media":0,"parent":0,"menu_order":0,"comment_status":"closed","ping_status":"closed","template":"","meta":{"footnotes":""},"class_list":["post-1601","page","type-page","status-publish","hentry"],"_links":{"self":[{"href":"http:\/\/mct.cyon.site\/de\/wp-json\/wp\/v2\/pages\/1601","targetHints":{"allow":["GET"]}}],"collection":[{"href":"http:\/\/mct.cyon.site\/de\/wp-json\/wp\/v2\/pages"}],"about":[{"href":"http:\/\/mct.cyon.site\/de\/wp-json\/wp\/v2\/types\/page"}],"author":[{"embeddable":true,"href":"http:\/\/mct.cyon.site\/de\/wp-json\/wp\/v2\/users\/1"}],"replies":[{"embeddable":true,"href":"http:\/\/mct.cyon.site\/de\/wp-json\/wp\/v2\/comments?post=1601"}],"version-history":[{"count":16,"href":"http:\/\/mct.cyon.site\/de\/wp-json\/wp\/v2\/pages\/1601\/revisions"}],"predecessor-version":[{"id":1931,"href":"http:\/\/mct.cyon.site\/de\/wp-json\/wp\/v2\/pages\/1601\/revisions\/1931"}],"wp:attachment":[{"href":"http:\/\/mct.cyon.site\/de\/wp-json\/wp\/v2\/media?parent=1601"}],"curies":[{"name":"wp","href":"https:\/\/api.w.org\/{rel}","templated":true}]}}