{"id":1686,"date":"2020-05-19T09:24:56","date_gmt":"2020-05-19T09:24:56","guid":{"rendered":"http:\/\/mct.cyon.site\/methylenblau-anwendung-bei-krebs-dup\/"},"modified":"2021-03-09T10:16:06","modified_gmt":"2021-03-09T10:16:06","slug":"methylenblau-anwendung-bei-neuro","status":"publish","type":"page","link":"http:\/\/mct.cyon.site\/de\/methylenblau-anwendung-bei-neuro\/","title":{"rendered":"Methylenblau-Anwendung bei neurodegenerativen Problemen"},"content":{"rendered":"\n<p>Durch seine Eigenschaften kann Methylenblau einerseits zur Krebsbek\u00e4mpfung und andererseits bei neurodegenerativen Symptomen eingesetzt werden.<\/p>\n\n\n\n<p><strong>Neurodegenerative Probleme<\/strong><\/p>\n\n\n\n<p>Methylenblau verschafft den Gehirnzellen zus\u00e4tzliche Energie zur Versorgung der Mitochondrien. Methylenblau ist ein starkes Antioxidans. Es stoppt den Oxidationsablauf von Superoxid, das w\u00e4hrend des Stoffwechsels in den Gehirnzellen entsteht, bevor ein Schaden angerichtet wird.<\/p>\n\n\n\n<p><strong>Anwendung bei neurodegenerativen Symptomen<br><\/strong>1-2 x 50 mg pro Tag Methylenblau-Pulver pharmazeutischer Qualit\u00e4t (USP) aufgel\u00f6st in Wasser.<\/p>\n\n\n\n<p>Vorbereitung: Eine Literflasche mit Wasser und 500 mg Methylenblaupulver f\u00fcllen (l\u00f6st sich sofort auf).<br>Gibt 10 Dosen bei einem 1 dl Glas, d.h. reicht f\u00fcr 5-10 Tage. Im K\u00fchlschrank aufbewahren.<br>Tipp: Glas bei 1 Deziliter markieren.<\/p>\n\n\n\n<p>Kosten pro Tag: CHF 0.25-0.50<br><\/p>\n\n\n\n<p>Quellen: Dr. Schwartz, David Tomen<br><a href=\"https:\/\/nootropicsexpert.com\/methylene-blue\/\" target=\"_blank\" rel=\"noreferrer noopener\">https:\/\/nootropicsexpert.com\/methylene-blue\/<\/a><\/p>\n\n\n\n<p><strong>M\u00f6gliche Bezugsquellen<\/strong><\/p>\n\n\n\n<p>Internet oder <br>H\u00e4nseler Swiss Pharma, 9191 Herisau \u00fcber Apotheke <br>Produkt, Menge: Methylenblau (BB9), 10 g<br>Preis: CHF 42.60<br><\/p>\n\n\n\n<script>\/\/ <![CDATA[\nfunction goBack() { window.history.back() }\n\/\/ ]]><\/script>\n<button onclick=\"goBack()\">Go Back<\/button>\n<script type=\"text\/javascript\"> toolTips('.classtoolTips0','Krebs ist der Sammelbegriff f\u00fcr alle Krankheiten, bei denen urspr\u00fcnglich normale Zellen des menschlichen K\u00f6rpers sich zu Krebszellen ver\u00e4ndern. Krebszellen k\u00f6nnen sich ungehemmt vermehren, Tumoren bilden, dazu auch Blutgef\u00e4sse anzapfen, in benachbartes Gewebe einwachsen und es sch\u00e4digen, sich im K\u00f6rper ausbreiten und an anderen Stellen Tochtergeschw\u00fclste (Metastasen) bilden.'); <\/script>","protected":false},"excerpt":{"rendered":"<p>Durch seine Eigenschaften kann Methylenblau einerseits zur Krebsbek\u00e4mpfung und andererseits bei neurodegenerativen Symptomen eingesetzt werden. Neurodegenerative Probleme Methylenblau verschafft den &hellip; <a href=\"http:\/\/mct.cyon.site\/de\/methylenblau-anwendung-bei-neuro\/\" class=\"more-link\"><span class=\"more-button\">Read More<span class=\"screen-reader-text\">Methylenblau-Anwendung bei neurodegenerativen Problemen<\/span><\/span><\/a><\/p>\n","protected":false},"author":1,"featured_media":0,"parent":0,"menu_order":0,"comment_status":"closed","ping_status":"closed","template":"","meta":{"footnotes":""},"class_list":["post-1686","page","type-page","status-publish","hentry"],"_links":{"self":[{"href":"http:\/\/mct.cyon.site\/de\/wp-json\/wp\/v2\/pages\/1686","targetHints":{"allow":["GET"]}}],"collection":[{"href":"http:\/\/mct.cyon.site\/de\/wp-json\/wp\/v2\/pages"}],"about":[{"href":"http:\/\/mct.cyon.site\/de\/wp-json\/wp\/v2\/types\/page"}],"author":[{"embeddable":true,"href":"http:\/\/mct.cyon.site\/de\/wp-json\/wp\/v2\/users\/1"}],"replies":[{"embeddable":true,"href":"http:\/\/mct.cyon.site\/de\/wp-json\/wp\/v2\/comments?post=1686"}],"version-history":[{"count":6,"href":"http:\/\/mct.cyon.site\/de\/wp-json\/wp\/v2\/pages\/1686\/revisions"}],"predecessor-version":[{"id":1938,"href":"http:\/\/mct.cyon.site\/de\/wp-json\/wp\/v2\/pages\/1686\/revisions\/1938"}],"wp:attachment":[{"href":"http:\/\/mct.cyon.site\/de\/wp-json\/wp\/v2\/media?parent=1686"}],"curies":[{"name":"wp","href":"https:\/\/api.w.org\/{rel}","templated":true}]}}