{"id":1712,"date":"2020-06-09T14:36:37","date_gmt":"2020-06-09T14:36:37","guid":{"rendered":"http:\/\/mct.cyon.site\/wirkungsweise-von-chlordioxid-dup\/"},"modified":"2021-03-09T09:42:35","modified_gmt":"2021-03-09T09:42:35","slug":"wirkungsweise-von-methylenblau","status":"publish","type":"page","link":"http:\/\/mct.cyon.site\/de\/wirkungsweise-von-methylenblau\/","title":{"rendered":"Wirkungsweise von Methylenblau"},"content":{"rendered":"\n<p><strong>Zusammenfassung<\/strong><strong><\/strong><\/p>\n\n\n\n<p>Durch seine Eigenschaften kann Methylenblau einerseits zur Krebsbek\u00e4mpfung und andererseits bei neurodegenerativen Symptomen eingesetzt werden. Es hat die F\u00e4higkeit sich rasch im Gehirn zu konzentrieren und selektiv auf krankes Gewebe (saurer pH-Wert) im K\u00f6rper zu zielen.<\/p>\n\n\n\n<ul class=\"wp-block-list\"><li><strong><span class='tooltipsall tooltipsincontent classtoolTips0'>Krebs<\/span><br><\/strong>Methylenblau verschafft den Mitochondrien in Krebszellen mehr Sauerstoff, bremst damit die Fermentation (Warburg-Effekt) und somit das Wachstum von Krebszellen und die Entstehung neuer Krebszellen in der sauren Umgebung der Fermentation.<\/li><\/ul>\n\n\n\n<ul class=\"wp-block-list\"><li><strong>Neurodegenerative Probleme<br><\/strong>Methylenblau verschafft den Gehirnzellen zus\u00e4tzliche Energie zur Versorgung der Mitochondrien. Als starkes Antioxidans stoppt es die Oxidationskette (freie Radikale), welche w\u00e4hrend des Stoffwechsels in den Gehirnzellen entsteht, bevor ein Schaden angerichtet wird.<\/li><\/ul>\n\n\n\n<p><strong>Methylenblau bei Krebs<\/strong><\/p>\n\n\n\n<p>Siehe Erkl\u00e4rungen des Warburg-Effekts unter Metabolischer Therapie.<\/p>\n\n\n\n<p><strong>Methylenblau bei neurodegenerativen Problemen<\/strong><\/p>\n\n\n\n<p>Mit zunehmenden Lebensjahren nimmt die Leistung unseres Gehirns (und K\u00f6rpers) ab. Je nach Ern\u00e4hrung, Lebensgewohnheiten , Umwelt und mehr. Aufmerksamkeit, Ged\u00e4chtnis und geistige Beweglichkeit nehmen ab bedingt durch Ver\u00e4nderungen des Stoffwechsels und der Gehirnchemie:<\/p>\n\n\n\n<ul class=\"wp-block-list\"><li>Die Gehirnzellen erhalten weniger Energie (geschw\u00e4chter mitochondrialer Stoffwechsel)<\/li><li>Freie Radikale sch\u00e4digen die Gehirnzellen<\/li><li>Der zerebrale Blutfluss nimmt ab<\/li><li>Verklumpungen verstopfen das Gehirn (Tau-Proteine und Amyloid-Plaques).<\/li><\/ul>\n\n\n\n<p>Die Neuronen des Gehirns verlassen sich fast ausschliesslich auf die von den Mitochondrien gewonnene Energie. Eine Schw\u00e4chung der Mitochondrien kann den Rest des K\u00f6rpers beeintr\u00e4chtigen, f\u00fcr das Gehirn ist dies besonders sch\u00e4dlich.<\/p>\n\n\n\n<p>Freie Radikale werden vom K\u00f6rper durch verschiedene nat\u00fcrliche Systeme erzeugt und sind bei gesunder Zellfunktion im Gleichgewicht mit Antioxidantien. Bei einer Schw\u00e4chung der Mitochondrien wird das Gleichgewicht gest\u00f6rt und die freien Radikale k\u00f6nnen andere Zellen sch\u00e4digen.<\/p>\n\n\n\n<p>Amyloid-Plaques sind Ansammlungen von Proteinfragmenten, die sich im Raum zwischen Gehirnneuronen verklumpt haben. Tau-Proteine k\u00f6nnen sich zu Neurofibrill\u00e4ren Tangels bzw. Alzheimer-Fibrillen aggregieren. Diese verhindert eine normale Gehirnfunktion und tr\u00e4gt zur Entstehung der Alzheimer-Krankheit bei.<\/p>\n\n\n\n<p><strong>Wie funktioniert Methylenblau im Gehirn?<\/strong><\/p>\n\n\n\n<p>Methylenblau f\u00f6rdert die Gesundheit und Funktion des Gehirns auf verschiedene Weise, insbesondere durch:<\/p>\n\n\n\n<ul class=\"wp-block-list\"><li>Eine St\u00e4rkung des mitochondrialen Stoffwechsels, sodass wieder mehr Zellenergie zur Verf\u00fcgung steht. Methylenblau unterst\u00fctzt die Atmung der Gehirnzellen, indem es den Sauerstoffgehalt erh\u00f6ht und Elektronen an die Elektronentransportkette in den Mitochondrien spendet.<\/li><li>Seine besondere antioxidante Wirkung, indem es das erste freie Radikal bindet, das sich bei der Zellatmung bildet, es zu Wasser reduziert und somit eine Kette von freien Radikalen (Oxidationskette, oxidativer Stress) verhindert, welche Schaden anrichten k\u00f6nnten.<\/li><\/ul>\n\n\n\n<p>Methylenblau weist also eine einzigartige duale Eigenschaft auf. Erstens erh\u00f6ht es die zellul\u00e4re Energieproduktion. Und zweitens eliminiert es oxidativen Stress und erh\u00f6ht die Lebensdauer der Gehirnzellen. Dadurch wirkt es als Stoffwechselverst\u00e4rker und Antioxidans.<\/p>\n\n\n\n<p>Zudem konzentriert es sich rasch im Gehirn und hat die F\u00e4higkeit selektiv auf krankes Gewebe im K\u00f6rper zu zielen. Der deutsche Arzt und Nobelpreistr\u00e4ger Paul Ehrlich nannte Methylenblau aus diesem Grund auch Magic Bullet (MB).<\/p>\n\n\n\n<p><strong>Zusammenfassend und einfach ausgedr\u00fcckt wirkt Methylenblau ged\u00e4chtnisf\u00f6rdernd, anti-Aging, hilft bei Demenz, Alzheimer, ist ein<\/strong><strong> Antidepressivum und kann sogar die Hautalterung verlangsamen.<\/strong><\/p>\n\n\n\n<p>Link zu wissenschaftlichem Artikel<\/p>\n\n\n\n<p><a rel=\"noreferrer noopener\" href=\"https:\/\/www.sciencedirect.com\/science\/article\/pii\/S0301008215300605\" target=\"_blank\">Alternative mitochondrial electron transfer for the treatment of neurodegenerative diseases and cancers: Methylene blue connects the dots<\/a><\/p>\n\n\n\n<script>\/\/ <![CDATA[\nfunction goBack() { window.history.back() }\n\/\/ ]]><\/script>\n<button onclick=\"goBack()\">Go Back<\/button>\n<script type=\"text\/javascript\"> toolTips('.classtoolTips0','Krebs ist der Sammelbegriff f\u00fcr alle Krankheiten, bei denen urspr\u00fcnglich normale Zellen des menschlichen K\u00f6rpers sich zu Krebszellen ver\u00e4ndern. Krebszellen k\u00f6nnen sich ungehemmt vermehren, Tumoren bilden, dazu auch Blutgef\u00e4sse anzapfen, in benachbartes Gewebe einwachsen und es sch\u00e4digen, sich im K\u00f6rper ausbreiten und an anderen Stellen Tochtergeschw\u00fclste (Metastasen) bilden.'); <\/script>","protected":false},"excerpt":{"rendered":"<p>Zusammenfassung Durch seine Eigenschaften kann Methylenblau einerseits zur Krebsbek\u00e4mpfung und andererseits bei neurodegenerativen Symptomen eingesetzt werden. Es hat die F\u00e4higkeit &hellip; <a href=\"http:\/\/mct.cyon.site\/de\/wirkungsweise-von-methylenblau\/\" class=\"more-link\"><span class=\"more-button\">Read More<span class=\"screen-reader-text\">Wirkungsweise von Methylenblau<\/span><\/span><\/a><\/p>\n","protected":false},"author":1,"featured_media":0,"parent":0,"menu_order":0,"comment_status":"closed","ping_status":"closed","template":"","meta":{"footnotes":""},"class_list":["post-1712","page","type-page","status-publish","hentry"],"_links":{"self":[{"href":"http:\/\/mct.cyon.site\/de\/wp-json\/wp\/v2\/pages\/1712","targetHints":{"allow":["GET"]}}],"collection":[{"href":"http:\/\/mct.cyon.site\/de\/wp-json\/wp\/v2\/pages"}],"about":[{"href":"http:\/\/mct.cyon.site\/de\/wp-json\/wp\/v2\/types\/page"}],"author":[{"embeddable":true,"href":"http:\/\/mct.cyon.site\/de\/wp-json\/wp\/v2\/users\/1"}],"replies":[{"embeddable":true,"href":"http:\/\/mct.cyon.site\/de\/wp-json\/wp\/v2\/comments?post=1712"}],"version-history":[{"count":7,"href":"http:\/\/mct.cyon.site\/de\/wp-json\/wp\/v2\/pages\/1712\/revisions"}],"predecessor-version":[{"id":1937,"href":"http:\/\/mct.cyon.site\/de\/wp-json\/wp\/v2\/pages\/1712\/revisions\/1937"}],"wp:attachment":[{"href":"http:\/\/mct.cyon.site\/de\/wp-json\/wp\/v2\/media?parent=1712"}],"curies":[{"name":"wp","href":"https:\/\/api.w.org\/{rel}","templated":true}]}}