{"id":1546,"date":"2020-04-25T13:12:30","date_gmt":"2020-04-25T13:12:30","guid":{"rendered":"http:\/\/mct.cyon.site\/ausblick-dup-3\/"},"modified":"2021-03-08T10:09:31","modified_gmt":"2021-03-08T10:09:31","slug":"cds-funktion","status":"publish","type":"page","link":"http:\/\/mct.cyon.site\/en\/cds-funktion\/","title":{"rendered":"Mode of action of chlorine dioxide"},"content":{"rendered":"<p class=\"translation-block\">Chlorine dioxide is a<strong> oxidant, <\/strong>which kills (oxidizes) all harmful (pathogenic) bacteria, viruses, parasites, worms, fungi and acid cells in humans after only a few minutes and transports them out of the body naturally. It also overcomes the blood-brain barrier.<\/p>\n\n\n\n<p class=\"translation-block\">Chlorine dioxide eliminates all pathogens that are not in equilibrium with the pH of the body, but live in an acidic environment. The effect is further enhanced if the pathogens live in the absence of oxygen (anaerobic), which is both true in cancer. The elimination of the pathogens occurs by oxidation (combustion) and not by toxin (as in chemo).<\/p>\n\n\n\n<p><strong>Oxidation<\/strong><\/p>\n\n\n\n<p>In the chemical process of oxidation, oxygen reacts with a substance, which can<\/p>\n\n\n\n<ul class=\"wp-block-list\"><li class=\"translation-block\">Slowly proceed by the action of water or air, e.g., in the rusting of metals<br>or<\/li><li>Schnell passieren durch Verbrennung, wobei W\u00e4rme (Energie) freigesetzt wird (tritt bei Elementen auf die Wasserstoff oder Kohlenstoff enthalten).<\/li><\/ul>\n\n\n\n<p>Bei der Oxidation verliert die oxidierte Substanz Elektronen. Die Elektronen verhalten sich wie ein &#171;Klebstoff&#187; der die Struktur der Substanz zusammenh\u00e4lt. Wenn also die oxidierte Substanz Elektronen verliert, verliert sie auch ihre Struktur (Eisenstab -&gt; Rost) und zerf\u00e4llt.<\/p>\n\n\n\n<ul class=\"wp-block-list\"><li>Toxins and heavy metals are broken down through their oxidation<br><\/li><\/ul>\n\n\n\n<p class=\"translation-block\">A special case is the <strong>reduction oxidation (redox)<\/strong>. Here, an interaction between the oxidizing and the oxidized (reduced by electrons) element takes place. This process occurs with chlorine dioxide!<\/p>\n\n\n\n<ul class=\"wp-block-list\"><li>Chlordioxid oxidiert den Krankheitserreger, indem es ihm Elektronen wegnimmt, anschliessend zerf\u00e4llt es in Wasser, Sauerstoff und minimal Salz<\/li><\/ul>\n\n\n\n<p>The pathogen is oxidized, i.e. it loses electrons and loses its effect (reduction element).<\/p>\n\n\n\n<figure class=\"wp-block-image size-large is-resized\"><img loading=\"lazy\" decoding=\"async\" src=\"http:\/\/mct.cyon.site\/wp-content\/uploads\/2020\/04\/image-1.png\" alt=\"\" class=\"wp-image-1619\" width=\"667\" height=\"333\" srcset=\"http:\/\/mct.cyon.site\/wp-content\/uploads\/2020\/04\/image-1.png 583w, http:\/\/mct.cyon.site\/wp-content\/uploads\/2020\/04\/image-1-300x150.png 300w\" sizes=\"auto, (max-width: 667px) 100vw, 667px\" \/><figcaption>Redox<\/figcaption><\/figure>\n\n\n\n<p>Chlordioxid bleibt im K\u00f6rper nicht l\u00e4nger als zwei Stunden aktiv, danach zerf\u00e4llt es zu Wasser, etwas Salz und Sauerstoff (was den Bauch etwas aufbl\u00e4hen l\u00e4sst).<\/p>\n\n\n\n<p>Krankheitserreger, die durch die Anwendung von Chlordioxid abget\u00f6tet werden, k\u00f6nnen den K\u00f6rper nur \u00fcber die Leber verlassen, die sie abbaut. Bei einer intensiven Behandlung kann eine vor\u00fcbergehende \u00dcbelkeit auftreten. \u00dcbelkeit oder Durchfall ist ein Zeichen daf\u00fcr, dass Chlordioxid mehr Erreger abt\u00f6tet, als abgebaut werden k\u00f6nnen. In diesem Fall einen Tag aussetzen und anschliessend mit kleinerer Dosis wieder beginnen.<\/p>\n\n\n\n<p><br><strong>Chlordioxid \u2013 pH-Wert und Blut<\/strong><\/p>\n\n\n\n<p>Der pH-Wert (Wasserstoffpotential) wird zur Messung des S\u00e4ure- oder Alkalinit\u00e4tsgrades einer Fl\u00fcssigkeit verwendet. Er reicht von 0 (sauer) bis 14 (alkalisch), um 7 ist er neutral.<\/p>\n\n\n\n<ul class=\"wp-block-list\"><li>Das K\u00f6rperblut ist im Normalfall leicht alkalisch 7.3 -7.4<\/li><li>Sauerstoff ist die Hauptquelle f\u00fcr die Alkalisierung, hilft metabolischen S\u00e4uregehalt zu bek\u00e4mpfen<\/li><li>Die roten Blutk\u00f6rperchen geben den Sauerstoff an die s\u00e4urehaltigsten Stellen im K\u00f6rper ab, um den Bereich zu alkalisieren und einen optimalen pH-Wert zu erhalten (z.B. in den Muskeln beim Training)<\/li><li>Chlordioxid tut genau das Gleiche, es geht an die s\u00e4urehaltigsten Stellen, um den pH auszugleichen. Aber Chlordioxid gelangt selbst dorthin, wo das Blut nicht mehr hinkommt, da es extrem klein und wasserl\u00f6slich ist und der K\u00f6rper zu 70% aus Wasser besteht.<\/li><\/ul>\n\n\n\n<p><strong>DMSO (dimenthyl sulfoxide)<\/strong><\/p>\n\n\n\n<p class=\"translation-block\"><strong>DMSO is a natural sulfur compound that decisively improves the effectiveness of many remedies.<\/strong> As a transmitter, DMSO transports the active ingredients faster and deeper into the body and into the cells, such as in the internal and external chlorine dioxide applications. DMSO has a draining, anti-inflammatory and analgesic effect, and helps with circulatory disorders, inflammation, skin rashes, allergies, psoriasis, neurodermatitis, joint and muscle pain, open wounds and promotes wound and scar healing.<\/p>\n\n\n\n<p><script>\/\/ <![CDATA[\nfunction goBack() { window.history.back() }\n\/\/ ]]><\/script>\n<button onclick=\"goBack()\">Go Back<\/button><\/p>\n<script type=\"text\/javascript\"> toolTips('.classtoolTips0','Krebs ist der Sammelbegriff f\u00fcr alle Krankheiten, bei denen urspr\u00fcnglich normale Zellen des menschlichen K\u00f6rpers sich zu Krebszellen ver\u00e4ndern. Krebszellen k\u00f6nnen sich ungehemmt vermehren, Tumoren bilden, dazu auch Blutgef\u00e4sse anzapfen, in benachbartes Gewebe einwachsen und es sch\u00e4digen, sich im K\u00f6rper ausbreiten und an anderen Stellen Tochtergeschw\u00fclste (Metastasen) bilden.'); <\/script>","protected":false},"excerpt":{"rendered":"<p>Chlordioxid ist ein Oxidans, das schon nach wenigen Minuten alle sch\u00e4dlichen (pathogenen) Bakterien, Viren, Parasiten, W\u00fcrmer, Pilze und saure Zellen &hellip; <a href=\"http:\/\/mct.cyon.site\/en\/cds-funktion\/\" class=\"more-link\"><span class=\"more-button\">Read More<span class=\"screen-reader-text\">Mode of action of chlorine dioxide<\/span><\/span><\/a><\/p>","protected":false},"author":1,"featured_media":0,"parent":0,"menu_order":0,"comment_status":"closed","ping_status":"closed","template":"","meta":{"footnotes":""},"class_list":["post-1546","page","type-page","status-publish","hentry"],"_links":{"self":[{"href":"http:\/\/mct.cyon.site\/en\/wp-json\/wp\/v2\/pages\/1546","targetHints":{"allow":["GET"]}}],"collection":[{"href":"http:\/\/mct.cyon.site\/en\/wp-json\/wp\/v2\/pages"}],"about":[{"href":"http:\/\/mct.cyon.site\/en\/wp-json\/wp\/v2\/types\/page"}],"author":[{"embeddable":true,"href":"http:\/\/mct.cyon.site\/en\/wp-json\/wp\/v2\/users\/1"}],"replies":[{"embeddable":true,"href":"http:\/\/mct.cyon.site\/en\/wp-json\/wp\/v2\/comments?post=1546"}],"version-history":[{"count":7,"href":"http:\/\/mct.cyon.site\/en\/wp-json\/wp\/v2\/pages\/1546\/revisions"}],"predecessor-version":[{"id":1930,"href":"http:\/\/mct.cyon.site\/en\/wp-json\/wp\/v2\/pages\/1546\/revisions\/1930"}],"wp:attachment":[{"href":"http:\/\/mct.cyon.site\/en\/wp-json\/wp\/v2\/media?parent=1546"}],"curies":[{"name":"wp","href":"https:\/\/api.w.org\/{rel}","templated":true}]}}