{"id":1601,"date":"2020-04-27T07:47:28","date_gmt":"2020-04-27T07:47:28","guid":{"rendered":"http:\/\/mct.cyon.site\/cds-cdl-anwendung-dup\/"},"modified":"2021-03-08T12:54:09","modified_gmt":"2021-03-08T12:54:09","slug":"cds-anwendung-corona","status":"publish","type":"page","link":"http:\/\/mct.cyon.site\/en\/cds-anwendung-corona\/","title":{"rendered":"CDS application for Covid-19"},"content":{"rendered":"<p class=\"translation-block\">The effect of chlorine dioxide against pathogens has long been known.<\/p>\n\n\n\n<ul class=\"wp-block-list\"><li>It eliminates viruses, bacteria, parasites, fungi, etc. in a wide pH range.<\/li><li class=\"translation-block\">Chlorine dioxide is selective and reacts where pathogens create a pH more acidic than that present in our body. And preferably with microorganisms that live in anaerobic (absence of oxygen). The patogens are oxidized (burned).<\/li><li>Symbiotische Bakterien, die Teil unseres Organismus sind, werden verschont, da sie, wie der K\u00f6rper selbst einen h\u00f6heren pH-Wert haben.<\/li><li class=\"translation-block\">Chlorine dioxide does not act as a poison (like chemotherapy) but oxidizes the pathogens without leaving toxic waste.<\/li><\/ul>\n\n\n\n<h4 class=\"wp-block-heading\">Anwendung der Chlordioxid L\u00f6sung CDL\/CDS bei Covid-19<\/h4>\n\n\n\n<p>Achtung: es handelt sich um eine konzentrierte Anwendung f\u00fcr die Bek\u00e4mpfung &nbsp;eines gef\u00e4hrlichen Virus! Die nachstehenden Angaben beziehen sich auf die fertige Chlordioxid-L\u00f6sung CDL bzw. CDS (und nicht auf MMS).<\/p>\n\n\n\n<p>T\u00e4glich folgendes Protokoll durchf\u00fchren bis eine Besserung eintritt:<\/p>\n\n\n\n<ul class=\"wp-block-list\"><li>1 ml CDS every 15 min within 2 hours (i.e. 8x, total 8ml), then<\/li><li>1 ml CDL every hour 10x per day (i.e. 10 ml).<\/li><\/ul>\n\n\n\n<p>Vorbereitung: T\u00e4glich zwei Flaschen mit 0.8 bzw. 1 Liter Wasser f\u00fcllen und darin 8 bzw. 10 ml CDL aufl\u00f6sen. Daraus jeweils ein Glas mit 1 dl abf\u00fcllen und einnehmen. Am besten bringt man am Glas die 1 dl-Markierung an.<\/p>\n\n\n\n<p>Vor dem Schlucken die Mundh\u00f6hle mit dem CDL gut sp\u00fclen um Viren in diesem Bereich schon abzut\u00f6ten. Es kann jeweils 1 Tropfen DMSO ins Glas dazu gegeben werden.<\/p>\n\n\n\n<p>Anpassen an Vertr\u00e4glichkeit. Abstand 1h vor und nach Mahlzeiten und Medikamenten!<\/p>\n\n\n\n<p class=\"translation-block\">Sources: Andreas Kalcker <a href=\"https:\/\/andreaskalcker.com\/en\/\" target=\"_self\" rel=\"noreferrer noopener\">https:\/\/andreaskalcker.com\/en\/<\/a> <br>Protocol F combined with C.<\/p>\n\n\n\n<h4 class=\"wp-block-heading\"><strong>M\u00f6gliche Bezugsquellen<\/strong><\/h4>\n\n\n\n<p class=\"translation-block\">Search Internet for CDS (Chlorine Dioxide Solution); available without prescription.<\/p>\n\n\n\n<h4 class=\"wp-block-heading translation-block\"><strong>Emergency supply for 2 people<\/strong> for 5 days<\/h4>\n\n\n\n<p>Der Tagesbedarf pro Person ist 18 ml; F\u00fcr 2 Personen und 5 Tage wird demzufolge 180ml ben\u00f6tigt. Notvorrat somit:<\/p>\n\n\n\n<ul class=\"wp-block-list\"><li>100 ml aktiviertes CDS Plus (Die Aktivierung ben\u00f6tigt 24 Stunden), damit sofort begonnen werden kann (6 Monate haltbar) plus<\/li><li>2x 100 ml CDS plus not activated (2-3 years shelf life)<\/li><\/ul>\n\n\n\n<p>Note: not to be confused with hypochlorite (bleaching agent) or chloroquine and hydroxychloroquine (antimalarial agents, structurally related to quinine)<\/p>\n\n\n\n<script>\/\/ <![CDATA[\nfunction goBack() { window.history.back() }\n\/\/ ]]><\/script>\n<button onclick=\"goBack()\">Go Back<\/button>","protected":false},"excerpt":{"rendered":"<p>Die Wirkung von Chlordioxid gegen Krankheitserreger ist schon lange bekannt. Es eliminiert Viren, Bakterien, Parasiten, Pilze usw. in einem weiten &hellip; <a href=\"http:\/\/mct.cyon.site\/en\/cds-anwendung-corona\/\" class=\"more-link\"><span class=\"more-button\">Read More<span class=\"screen-reader-text\">CDS application for Covid-19<\/span><\/span><\/a><\/p>","protected":false},"author":1,"featured_media":0,"parent":0,"menu_order":0,"comment_status":"closed","ping_status":"closed","template":"","meta":{"footnotes":""},"class_list":["post-1601","page","type-page","status-publish","hentry"],"_links":{"self":[{"href":"http:\/\/mct.cyon.site\/en\/wp-json\/wp\/v2\/pages\/1601","targetHints":{"allow":["GET"]}}],"collection":[{"href":"http:\/\/mct.cyon.site\/en\/wp-json\/wp\/v2\/pages"}],"about":[{"href":"http:\/\/mct.cyon.site\/en\/wp-json\/wp\/v2\/types\/page"}],"author":[{"embeddable":true,"href":"http:\/\/mct.cyon.site\/en\/wp-json\/wp\/v2\/users\/1"}],"replies":[{"embeddable":true,"href":"http:\/\/mct.cyon.site\/en\/wp-json\/wp\/v2\/comments?post=1601"}],"version-history":[{"count":16,"href":"http:\/\/mct.cyon.site\/en\/wp-json\/wp\/v2\/pages\/1601\/revisions"}],"predecessor-version":[{"id":1931,"href":"http:\/\/mct.cyon.site\/en\/wp-json\/wp\/v2\/pages\/1601\/revisions\/1931"}],"wp:attachment":[{"href":"http:\/\/mct.cyon.site\/en\/wp-json\/wp\/v2\/media?parent=1601"}],"curies":[{"name":"wp","href":"https:\/\/api.w.org\/{rel}","templated":true}]}}