{"id":1624,"date":"2020-04-27T13:09:21","date_gmt":"2020-04-27T13:09:21","guid":{"rendered":"http:\/\/mct.cyon.site\/cds-cdl-anwendung-dup\/"},"modified":"2020-10-26T14:49:38","modified_gmt":"2020-10-26T14:49:38","slug":"methylenblau-anwendung","status":"publish","type":"page","link":"http:\/\/mct.cyon.site\/en\/methylenblau-anwendung\/","title":{"rendered":"Methylene blue application for cancer"},"content":{"rendered":"<p class=\"translation-block\">Due to its properties, methylene blue can be used to combat cancer on the one hand and neurodegenerative symptoms on the other.<\/p>\n\n\n\n<p><strong><span class='tooltipsall tooltipsincontent classtoolTips0'>Cancer<\/span><\/strong><\/p>\n\n\n\n<p class=\"translation-block\">Methylene blue provides the mitochondria in cancer cells with more oxygen, thus slowing down fermentation (Warburg effect) and thus the growth of cancer cells and the formation of new cancer cells...<\/p>\n\n\n\n<h4 class=\"wp-block-heading\">Application for cancer <\/h4>\n\n\n\n<p class=\"translation-block\">3 x 75 mg per day of pharmaceutical grade (USP) methylene blue powder dissolved in water in addition to metabolic therapy. Half-life in blood about 5 hours.<br><br>Preparation: fill a liter bottle with water and 750 mg of methylene blue powder (dissolves immediately).<br>Gives 10 doses for a 1 dl jar, which means enough for 3 1\/3 days. Store in refrigerator.<br>Tip: precision scale for the powder.<br>Mark jar at 1 deciliter. Cost per day: CHF 1.00<br><\/p>\n\n\n\n<p>Sources: Dr. Schwartz<\/p>\n\n\n\n<h4 class=\"wp-block-heading\"><strong>M\u00f6gliche Bezugsquellen<\/strong><\/h4>\n\n\n\n<p>H\u00e4nseler Swiss Pharma, 9191 Herisau \u00fcber Apotheke<\/p>\n\n\n\n<p class=\"translation-block\">Produkt, Menge: Methylenblau (BB9), 10 g<br>Preis: CHF 42.60<\/p>\n\n\n\n<script>\/\/ <![CDATA[\nfunction goBack() { window.history.back() }\n\/\/ ]]><\/script>\n<button onclick=\"goBack()\">Go Back<\/button>\n<script type=\"text\/javascript\"> toolTips('.classtoolTips0','Krebs ist der Sammelbegriff f\u00fcr alle Krankheiten, bei denen urspr\u00fcnglich normale Zellen des menschlichen K\u00f6rpers sich zu Krebszellen ver\u00e4ndern. Krebszellen k\u00f6nnen sich ungehemmt vermehren, Tumoren bilden, dazu auch Blutgef\u00e4sse anzapfen, in benachbartes Gewebe einwachsen und es sch\u00e4digen, sich im K\u00f6rper ausbreiten und an anderen Stellen Tochtergeschw\u00fclste (Metastasen) bilden.'); <\/script>","protected":false},"excerpt":{"rendered":"<p>Durch seine Eigenschaften kann Methylenblau einerseits zur Krebsbek\u00e4mpfung und andererseits bei neurodegenerativen Symptomen eingesetzt werden. Krebs Methylenblau verschafft den Mitochondrien &hellip; <a href=\"http:\/\/mct.cyon.site\/en\/methylenblau-anwendung\/\" class=\"more-link\"><span class=\"more-button\">Read More<span class=\"screen-reader-text\">Methylene blue application for cancer<\/span><\/span><\/a><\/p>","protected":false},"author":1,"featured_media":0,"parent":0,"menu_order":0,"comment_status":"closed","ping_status":"closed","template":"","meta":{"footnotes":""},"class_list":["post-1624","page","type-page","status-publish","hentry"],"_links":{"self":[{"href":"http:\/\/mct.cyon.site\/en\/wp-json\/wp\/v2\/pages\/1624","targetHints":{"allow":["GET"]}}],"collection":[{"href":"http:\/\/mct.cyon.site\/en\/wp-json\/wp\/v2\/pages"}],"about":[{"href":"http:\/\/mct.cyon.site\/en\/wp-json\/wp\/v2\/types\/page"}],"author":[{"embeddable":true,"href":"http:\/\/mct.cyon.site\/en\/wp-json\/wp\/v2\/users\/1"}],"replies":[{"embeddable":true,"href":"http:\/\/mct.cyon.site\/en\/wp-json\/wp\/v2\/comments?post=1624"}],"version-history":[{"count":9,"href":"http:\/\/mct.cyon.site\/en\/wp-json\/wp\/v2\/pages\/1624\/revisions"}],"predecessor-version":[{"id":1870,"href":"http:\/\/mct.cyon.site\/en\/wp-json\/wp\/v2\/pages\/1624\/revisions\/1870"}],"wp:attachment":[{"href":"http:\/\/mct.cyon.site\/en\/wp-json\/wp\/v2\/media?parent=1624"}],"curies":[{"name":"wp","href":"https:\/\/api.w.org\/{rel}","templated":true}]}}