{"id":1686,"date":"2020-05-19T09:24:56","date_gmt":"2020-05-19T09:24:56","guid":{"rendered":"http:\/\/mct.cyon.site\/methylenblau-anwendung-bei-krebs-dup\/"},"modified":"2021-03-09T10:16:06","modified_gmt":"2021-03-09T10:16:06","slug":"methylenblau-anwendung-bei-neuro","status":"publish","type":"page","link":"http:\/\/mct.cyon.site\/en\/methylenblau-anwendung-bei-neuro\/","title":{"rendered":"Methylene blue application for neurodegenerative problems."},"content":{"rendered":"<p class=\"translation-block\">Due to its properties, methylene blue can be used to combat cancer on the one hand and neurodegenerative symptoms on the other.<\/p>\n\n\n\n<p><strong>Neurodegenerative problems<\/strong><\/p>\n\n\n\n<p class=\"translation-block\">Methylene blue provides the brain cells with additional energy to supply the mitochondria. Methylene blue is a powerful antioxidant. It stops the oxidation process of superoxide, which is produced during metabolism in brain cells, before any damage is done.<\/p>\n\n\n\n<p class=\"translation-block\"><strong>Use for neurodegenerative symptoms<br><\/strong>1-2 x 50 mg per day of pharmaceutical grade (USP) methylene blue powder dissolved in water.<\/p>\n\n\n\n<p class=\"translation-block\">Preparation: Fill a liter bottle with water and 500 mg of methylene blue powder (dissolves immediately).<br>Gives 10 doses at a 1 dl jar, which is enough to last for 5-10 days. Store in refrigerator.<br>Tip: Mark glass at 1 deciliter.<\/p>\n\n\n\n<p>Cost per day: CHF 0.25-0.50<br><\/p>\n\n\n\n<p class=\"translation-block\">Sources: Dr. Schwartz, David Tomen<br><a href=\"https:\/\/nootropicsexpert.com\/methylene-blue\/\" target=\"_blank\" rel=\"noreferrer noopener\">https:\/\/nootropicsexpert.com\/methylene-blue\/<\/a><\/p>\n\n\n\n<p><strong>M\u00f6gliche Bezugsquellen<\/strong><\/p>\n\n\n\n<p class=\"translation-block\">Internet or pharmacies.<\/p>\n\n\n\n<script>\/\/ <![CDATA[\nfunction goBack() { window.history.back() }\n\/\/ ]]><\/script>\n<button onclick=\"goBack()\">Go Back<\/button>\n<script type=\"text\/javascript\"> toolTips('.classtoolTips0','Krebs ist der Sammelbegriff f\u00fcr alle Krankheiten, bei denen urspr\u00fcnglich normale Zellen des menschlichen K\u00f6rpers sich zu Krebszellen ver\u00e4ndern. Krebszellen k\u00f6nnen sich ungehemmt vermehren, Tumoren bilden, dazu auch Blutgef\u00e4sse anzapfen, in benachbartes Gewebe einwachsen und es sch\u00e4digen, sich im K\u00f6rper ausbreiten und an anderen Stellen Tochtergeschw\u00fclste (Metastasen) bilden.'); <\/script>","protected":false},"excerpt":{"rendered":"<p>Durch seine Eigenschaften kann Methylenblau einerseits zur Krebsbek\u00e4mpfung und andererseits bei neurodegenerativen Symptomen eingesetzt werden. Neurodegenerative Probleme Methylenblau verschafft den &hellip; <a href=\"http:\/\/mct.cyon.site\/en\/methylenblau-anwendung-bei-neuro\/\" class=\"more-link\"><span class=\"more-button\">Read More<span class=\"screen-reader-text\">Methylene blue application for neurodegenerative problems.<\/span><\/span><\/a><\/p>","protected":false},"author":1,"featured_media":0,"parent":0,"menu_order":0,"comment_status":"closed","ping_status":"closed","template":"","meta":{"footnotes":""},"class_list":["post-1686","page","type-page","status-publish","hentry"],"_links":{"self":[{"href":"http:\/\/mct.cyon.site\/en\/wp-json\/wp\/v2\/pages\/1686","targetHints":{"allow":["GET"]}}],"collection":[{"href":"http:\/\/mct.cyon.site\/en\/wp-json\/wp\/v2\/pages"}],"about":[{"href":"http:\/\/mct.cyon.site\/en\/wp-json\/wp\/v2\/types\/page"}],"author":[{"embeddable":true,"href":"http:\/\/mct.cyon.site\/en\/wp-json\/wp\/v2\/users\/1"}],"replies":[{"embeddable":true,"href":"http:\/\/mct.cyon.site\/en\/wp-json\/wp\/v2\/comments?post=1686"}],"version-history":[{"count":6,"href":"http:\/\/mct.cyon.site\/en\/wp-json\/wp\/v2\/pages\/1686\/revisions"}],"predecessor-version":[{"id":1938,"href":"http:\/\/mct.cyon.site\/en\/wp-json\/wp\/v2\/pages\/1686\/revisions\/1938"}],"wp:attachment":[{"href":"http:\/\/mct.cyon.site\/en\/wp-json\/wp\/v2\/media?parent=1686"}],"curies":[{"name":"wp","href":"https:\/\/api.w.org\/{rel}","templated":true}]}}