{"id":1712,"date":"2020-06-09T14:36:37","date_gmt":"2020-06-09T14:36:37","guid":{"rendered":"http:\/\/mct.cyon.site\/wirkungsweise-von-chlordioxid-dup\/"},"modified":"2021-03-09T09:42:35","modified_gmt":"2021-03-09T09:42:35","slug":"wirkungsweise-von-methylenblau","status":"publish","type":"page","link":"http:\/\/mct.cyon.site\/en\/wirkungsweise-von-methylenblau\/","title":{"rendered":"Mode of action of methylene blue"},"content":{"rendered":"<p><strong>Summary<\/strong><strong><\/strong><\/p>\n\n\n\n<p class=\"translation-block\">Due to its properties, methylene blue can be used to fight cancer as well as neurodegenerative symptoms. It has the ability to rapidly concentrate in the brain and selectively target affected tissue (acidic pH) in the body.<\/p>\n\n\n\n<ul class=\"wp-block-list\"><li class=\"translation-block\"><strong>Cancer<br><\/strong>Methylene blue provides more oxygen to the mitochondria in cancer cells, thus slowing down fermentation (Warburg effect) and thus the growth of cancer cells and the formation of new cancer cells in the acidic environment of fermentation.<\/li><\/ul>\n\n\n\n<ul class=\"wp-block-list\"><li class=\"translation-block\"><strong>Neurodegenerative problems<br><\/strong>Methylene blue provides brain cells with extra energy to fuel mitochondria. As a powerful antioxidant, it stops the oxidation chain (free radicals) that occurs during metabolism in brain cells before any damage is done.<\/li><\/ul>\n\n\n\n<p><strong>Methylene blue for cancer<\/strong><\/p>\n\n\n\n<p>Siehe Erkl\u00e4rungen des Warburg-Effekts unter Metabolischer Therapie.<\/p>\n\n\n\n<p><strong>Methylene blue for neurodegenerative problems<\/strong><\/p>\n\n\n\n<p>Mit zunehmenden Lebensjahren nimmt die Leistung unseres Gehirns (und K\u00f6rpers) ab. Je nach Ern\u00e4hrung, Lebensgewohnheiten , Umwelt und mehr. Aufmerksamkeit, Ged\u00e4chtnis und geistige Beweglichkeit nehmen ab bedingt durch Ver\u00e4nderungen des Stoffwechsels und der Gehirnchemie:<\/p>\n\n\n\n<ul class=\"wp-block-list\"><li>Die Gehirnzellen erhalten weniger Energie (geschw\u00e4chter mitochondrialer Stoffwechsel)<\/li><li>Freie Radikale sch\u00e4digen die Gehirnzellen<\/li><li>Cerebral blood flow decreases<\/li><li>Clumps clog the brain (tau proteins and amyloid plaques).<\/li><\/ul>\n\n\n\n<p class=\"translation-block\">The neurons of the brain rely almost exclusively on the energy produced by the mitochondria. Weakening the mitochondria can affect the rest of the body, and for the brain this is particularly damaging.<\/p>\n\n\n\n<p>Freie Radikale werden vom K\u00f6rper durch verschiedene nat\u00fcrliche Systeme erzeugt und sind bei gesunder Zellfunktion im Gleichgewicht mit Antioxidantien. Bei einer Schw\u00e4chung der Mitochondrien wird das Gleichgewicht gest\u00f6rt und die freien Radikale k\u00f6nnen andere Zellen sch\u00e4digen.<\/p>\n\n\n\n<p class=\"translation-block\">Amyloid plaques are collections of protein fragments that have clumped together in the space between brain neurons. Tau proteins can aggregate to form neurofibrillary tangles or Alzheimer's fibrils. This prevents normal brain function and contributes to the development of Alzheimer's disease.<\/p>\n\n\n\n<p><strong>How does methylene blue work in the brain?<\/strong><\/p>\n\n\n\n<p>Methylenblau f\u00f6rdert die Gesundheit und Funktion des Gehirns auf verschiedene Weise, insbesondere durch:<\/p>\n\n\n\n<ul class=\"wp-block-list\"><li>Eine St\u00e4rkung des mitochondrialen Stoffwechsels, sodass wieder mehr Zellenergie zur Verf\u00fcgung steht. Methylenblau unterst\u00fctzt die Atmung der Gehirnzellen, indem es den Sauerstoffgehalt erh\u00f6ht und Elektronen an die Elektronentransportkette in den Mitochondrien spendet.<\/li><li>Seine besondere antioxidante Wirkung, indem es das erste freie Radikal bindet, das sich bei der Zellatmung bildet, es zu Wasser reduziert und somit eine Kette von freien Radikalen (Oxidationskette, oxidativer Stress) verhindert, welche Schaden anrichten k\u00f6nnten.<\/li><\/ul>\n\n\n\n<p>Methylenblau weist also eine einzigartige duale Eigenschaft auf. Erstens erh\u00f6ht es die zellul\u00e4re Energieproduktion. Und zweitens eliminiert es oxidativen Stress und erh\u00f6ht die Lebensdauer der Gehirnzellen. Dadurch wirkt es als Stoffwechselverst\u00e4rker und Antioxidans.<\/p>\n\n\n\n<p>Zudem konzentriert es sich rasch im Gehirn und hat die F\u00e4higkeit selektiv auf krankes Gewebe im K\u00f6rper zu zielen. Der deutsche Arzt und Nobelpreistr\u00e4ger Paul Ehrlich nannte Methylenblau aus diesem Grund auch Magic Bullet (MB).<\/p>\n\n\n\n<p class=\"translation-block\"><strong>In summary and simply put, methylene blue has memory enhancing and anti-aging effects, helps with dementia and Alzheimer's, and is an<\/strong><strong> antidepressant and can even slow skin aging.<\/strong><\/p>\n\n\n\n<p>Link to scientific article<\/p>\n\n\n\n<p><a rel=\"noreferrer noopener\" href=\"https:\/\/www.sciencedirect.com\/science\/article\/pii\/S0301008215300605\" target=\"_blank\">Alternative mitochondrial electron transfer for the treatment of neurodegenerative diseases and cancers: Methylene blue connects the dots<\/a><\/p>\n\n\n\n<script>\/\/ <![CDATA[\nfunction goBack() { window.history.back() }\n\/\/ ]]><\/script>\n<button onclick=\"goBack()\">Go Back<\/button>\n<script type=\"text\/javascript\"> toolTips('.classtoolTips0','Krebs ist der Sammelbegriff f\u00fcr alle Krankheiten, bei denen urspr\u00fcnglich normale Zellen des menschlichen K\u00f6rpers sich zu Krebszellen ver\u00e4ndern. Krebszellen k\u00f6nnen sich ungehemmt vermehren, Tumoren bilden, dazu auch Blutgef\u00e4sse anzapfen, in benachbartes Gewebe einwachsen und es sch\u00e4digen, sich im K\u00f6rper ausbreiten und an anderen Stellen Tochtergeschw\u00fclste (Metastasen) bilden.'); <\/script>","protected":false},"excerpt":{"rendered":"<p>Zusammenfassung Durch seine Eigenschaften kann Methylenblau einerseits zur Krebsbek\u00e4mpfung und andererseits bei neurodegenerativen Symptomen eingesetzt werden. Es hat die F\u00e4higkeit &hellip; <a href=\"http:\/\/mct.cyon.site\/en\/wirkungsweise-von-methylenblau\/\" class=\"more-link\"><span class=\"more-button\">Read More<span class=\"screen-reader-text\">Mode of action of methylene blue<\/span><\/span><\/a><\/p>","protected":false},"author":1,"featured_media":0,"parent":0,"menu_order":0,"comment_status":"closed","ping_status":"closed","template":"","meta":{"footnotes":""},"class_list":["post-1712","page","type-page","status-publish","hentry"],"_links":{"self":[{"href":"http:\/\/mct.cyon.site\/en\/wp-json\/wp\/v2\/pages\/1712","targetHints":{"allow":["GET"]}}],"collection":[{"href":"http:\/\/mct.cyon.site\/en\/wp-json\/wp\/v2\/pages"}],"about":[{"href":"http:\/\/mct.cyon.site\/en\/wp-json\/wp\/v2\/types\/page"}],"author":[{"embeddable":true,"href":"http:\/\/mct.cyon.site\/en\/wp-json\/wp\/v2\/users\/1"}],"replies":[{"embeddable":true,"href":"http:\/\/mct.cyon.site\/en\/wp-json\/wp\/v2\/comments?post=1712"}],"version-history":[{"count":7,"href":"http:\/\/mct.cyon.site\/en\/wp-json\/wp\/v2\/pages\/1712\/revisions"}],"predecessor-version":[{"id":1937,"href":"http:\/\/mct.cyon.site\/en\/wp-json\/wp\/v2\/pages\/1712\/revisions\/1937"}],"wp:attachment":[{"href":"http:\/\/mct.cyon.site\/en\/wp-json\/wp\/v2\/media?parent=1712"}],"curies":[{"name":"wp","href":"https:\/\/api.w.org\/{rel}","templated":true}]}}