{"id":1730,"date":"2020-06-13T13:43:33","date_gmt":"2020-06-13T13:43:33","guid":{"rendered":"http:\/\/mct.cyon.site\/methylenblau-anwendung-bei-neurodegenerativen-problemen-dup\/"},"modified":"2021-03-09T13:49:31","modified_gmt":"2021-03-09T13:49:31","slug":"wirkungsweise-kokosoel","status":"publish","type":"page","link":"http:\/\/mct.cyon.site\/en\/wirkungsweise-kokosoel\/","title":{"rendered":"Mode of action of coconut oil"},"content":{"rendered":"<p><strong>Energy and brain<\/strong><\/p>\n\n\n\n<p class=\"translation-block\">Of all the organs in the human body, the brain <strong>consumes<\/strong> the most <strong>energy<\/strong> relative to its weight. <\/strong>The human brain accounts for about 2 percent of body weight, but requires about 20 percent of the body's total energy needs.<\/p>\n\n\n\n<p class=\"translation-block\">As is well known, the energy required for the cells is generated in the mitochondria by burning sugar (cellular respiration). This process produces energy molecules (ATP) but also free radicals, which are normally kept in balance by the body's own antioxidants. 90% of the free radicals in the body are produced during cellular respiration. In the aging process, cellular respiration is weakened, and in addition pollutants from the environment accumulate so that<\/p>\n\n\n\n<ul class=\"wp-block-list\"><li>Lack of energy and<\/li><li>oxidative stress (more free radicals than antioxidants) arise.<\/li><\/ul>\n\n\n\n<p>Als Folge degenerieren die Zellen, verlieren ihre Funktion, die Gewebeintegrit\u00e4t geht verloren und der k\u00f6rperliche Abbau beginnt. Diese Schw\u00e4chung des Energiestoffwechsels kann sich mit zunehmenden Lebensjahren im Gehirn besonders bemerkbar machen und dazu f\u00fchren, dass Gehirnzellen langsam absterben.<br><\/p>\n\n\n\n<p class=\"translation-block\">In the short term, the undersupply of the brain can lead to symptoms such as headaches and fatigue. However, if the brain suffers from long-term energy deficiency and oxidative stress, severe neurodegenerative diseases such as Alzheimer's or Parkinson's may develop.<\/p>\n\n\n\n<p class=\"translation-block\"><strong>How can coconut oil help?<\/strong><\/p>\n\n\n\n<p class=\"translation-block\">Instead of glucose, coconut oil can provide an alternative clean fuel for the mitochondria, namely <strong>ketones<\/strong>. From ketones, mitochondria can produce energy with high efficiency and less waste. This makes more energy available to brain cells with reduced oxidative stress.<\/p>\n\n\n\n<p>Normale \u00d6le und Fette bestehen aus grossen Molek\u00fclen, sie sind langkettig. Im Gegensatz dazu hat Kokos\u00f6l einen grossen Anteil, n\u00e4mlich 62% kleinerer Molek\u00fcle, sogenannte mittelkettige Fetts\u00e4uren (Laurin, Capryl und Caprin). Diese k\u00f6nnen direkt durch die Darmwand in die Pfortader der Leber transportiert, dort zu Ketonen verwandelt, in den Blutstrom \u00fcbergeben, rasch ins Gehirn gelangen und dort die ben\u00f6tigte Energie f\u00fcr die Nervenzellen erzeugen. Langkettige Fetts\u00e4uren hingegen werden in der Darmwand umgewandelt, ans Blut \u00fcbergeben und zirkulieren im ganzen K\u00f6rper.<\/p>\n\n\n\n<p>Mittelkettige Fetts\u00e4uren haben somit folgende Vorteile<\/p>\n\n\n\n<ul class=\"wp-block-list\"><li>sind eine schnelle und einfache Nahrungsquelle da sie vom Darm direkt zur Leber transportiert und dort zu Ketonen umgewandelt werden. Das heisst, sie brauchen zur Verdauung weder Bauchspeicheldr\u00fcse-Enzyme noch Gallenfl\u00fcssigkeit<\/li><li>Sind leichter verdaulich und besser wasserl\u00f6slich als andere \u00d6le<\/li><li>Falls nicht ben\u00f6tigt, werden sie im Urin ausgeschieden; sie werden nicht in Fettzellen abgelagert und verstopfen keine Arterien<\/li><li>Alle Zellen, ob innerhalb oder an der Oberfl\u00e4che des K\u00f6rpers k\u00f6nnen mittelkettige Fetts\u00e4uren absorbieren und Energie erzeugen, also ist Kokos\u00f6l auch bei Hautproblemen, Schuppenflechte, Leberflecken, usw. anwendbar.<\/li><\/ul>\n\n\n\n<p><strong>Anwendung Kokos\u00f6l<\/strong><\/p>\n\n\n\n<ul class=\"wp-block-list\"><li>Maintenance dose: 2-3 tbsp\/day (e.g. for prevention of neurodegenerative problems).<\/li><li class=\"translation-block\"><span data-cmtooltip=\"Required dose to induce the desired effect.\" class=\"glossaryLink\">Therapeutic dose<\/span>: 5 tbsp\/day or more (e.g., for signs of Alzheimer's disease).<\/li><\/ul>\n\n\n\n<p>Es gibt keine Grenze, aber falls Nebenwirkungen wie Durchfall und Unwohlsein im Darm auftreten, reduzieren und langsam daran gew\u00f6hnen.<\/p>\n\n\n\n<p class=\"translation-block\"><strong>Application MCT<\/strong> (<strong>M<\/strong>edium <strong>C<\/strong>hain <strong>T<\/strong>riglycerides)<\/p>\n\n\n\n<p>Enth\u00e4lt nur die mittelkettigen Fetts\u00e4uren der Kokosnuss. Empfehlenswert, da keine Belastung mit langkettigen Fetts\u00e4uren, die auch im Kokos\u00f6l enthalten sind. Geruchlos und geschmacksneutral.<\/p>\n\n\n\n<ul class=\"wp-block-list\"><li>Maintenance dose: 1 tsp per meal, start slowly<\/li><li>Therapeutic dose: 2 tsp. per meal (e.g. in case of signs of Alzheimer's disease).<\/li><\/ul>\n\n\n\n<p>Wirkt sehr schnell, also nicht abends einnehmen (zu wach um einzuschlafen). Bei Lebererkrankungen oder Leberkrebs nicht verwenden. Falls Nebenwirkungen wie Durchfall und Unwohlsein im Darm auftreten, reduzieren und langsam daran gew\u00f6hnen.<\/p>\n\n\n\n<p>Um die Zuckereinnahme zu reduzieren wird empfohlen anstatt ein Dessert einen Teel\u00f6ffel MCT einzunehmen.<\/p>\n\n\n\n<p><strong>Zusammensetzung der Fetts\u00e4uren bei Kokos\u00f6l, Butter und Oliven\u00f6l<\/strong><\/p>\n\n\n\n<figure class=\"wp-block-image size-large\"><img loading=\"lazy\" decoding=\"async\" width=\"573\" height=\"350\" src=\"http:\/\/mct.cyon.site\/wp-content\/uploads\/2020\/06\/Fetts\u00e4urenzusammensetzung.jpg\" alt=\"\" class=\"wp-image-1746\" srcset=\"http:\/\/mct.cyon.site\/wp-content\/uploads\/2020\/06\/Fetts\u00e4urenzusammensetzung.jpg 573w, http:\/\/mct.cyon.site\/wp-content\/uploads\/2020\/06\/Fetts\u00e4urenzusammensetzung-300x183.jpg 300w\" sizes=\"auto, (max-width: 573px) 100vw, 573px\" \/><\/figure>\n\n\n\n<p style=\"font-size:12px\" class=\"translation-block\">SCFA: Short Chain Fatty Acid, <br>MCFA: Medium Chain Fatty Acid, <br>LCFA: Long Chain Fatty Acid, <br>C stands for carbon atoms, C4:0 means 4 carbon atoms, 0 means saturated<br>1 monounsaturated, 2 or 3 polyunsaturated<br><br><\/p>\n\n\n\n<p><strong>Fetts\u00e4urenstoffwechsel<\/strong><\/p>\n\n\n\n<figure class=\"wp-block-image size-large\"><img loading=\"lazy\" decoding=\"async\" width=\"1024\" height=\"540\" src=\"http:\/\/mct.cyon.site\/wp-content\/uploads\/2020\/06\/Fetts\u00e4urenstoffwechsel-1024x540.jpg\" alt=\"\" class=\"wp-image-1736\" srcset=\"http:\/\/mct.cyon.site\/wp-content\/uploads\/2020\/06\/Fetts\u00e4urenstoffwechsel-1024x540.jpg 1024w, http:\/\/mct.cyon.site\/wp-content\/uploads\/2020\/06\/Fetts\u00e4urenstoffwechsel-300x158.jpg 300w, http:\/\/mct.cyon.site\/wp-content\/uploads\/2020\/06\/Fetts\u00e4urenstoffwechsel-768x405.jpg 768w, http:\/\/mct.cyon.site\/wp-content\/uploads\/2020\/06\/Fetts\u00e4urenstoffwechsel.jpg 1101w\" sizes=\"auto, (max-width: 1024px) 100vw, 1024px\" \/><\/figure>\n\n\n\n<p style=\"font-size:12px\" class=\"translation-block\">Long-chain fatty acids (LCFA) are absorbed in the intestinal wall and combined with cholesterol and protein combined into chilomicrons and released into the bloodstream and later converted into LDL (low-density lipoproteins) and circulate throughout the body as a component of lipoproteins. HDL absorbs excess cholesterol from cells and transports it to the liver, where it is excreted through the bile. Medium-chain fatty acids (MCFA), on the other hand, are transported through the intestinal wall to the portal vein of the liver, where they are used to produce ketones.<\/p>\n\n\n\n<script>\/\/ <![CDATA[\nfunction goBack() { window.history.back() }\n\/\/ ]]><\/script>\n<button onclick=\"goBack()\">Go Back<\/button>\n<script type=\"text\/javascript\"> toolTips('.classtoolTips0','Krebs ist der Sammelbegriff f\u00fcr alle Krankheiten, bei denen urspr\u00fcnglich normale Zellen des menschlichen K\u00f6rpers sich zu Krebszellen ver\u00e4ndern. Krebszellen k\u00f6nnen sich ungehemmt vermehren, Tumoren bilden, dazu auch Blutgef\u00e4sse anzapfen, in benachbartes Gewebe einwachsen und es sch\u00e4digen, sich im K\u00f6rper ausbreiten und an anderen Stellen Tochtergeschw\u00fclste (Metastasen) bilden.'); <\/script>","protected":false},"excerpt":{"rendered":"<p>Energie und Gehirn Von allen Organen im menschlichen K\u00f6rper verbraucht das Gehirn im Verh\u00e4ltnis zum Gewicht die meiste Energie. Das &hellip; <a href=\"http:\/\/mct.cyon.site\/en\/wirkungsweise-kokosoel\/\" class=\"more-link\"><span class=\"more-button\">Read More<span class=\"screen-reader-text\">Mode of action of coconut oil<\/span><\/span><\/a><\/p>","protected":false},"author":1,"featured_media":0,"parent":0,"menu_order":0,"comment_status":"closed","ping_status":"closed","template":"","meta":{"footnotes":""},"class_list":["post-1730","page","type-page","status-publish","hentry"],"_links":{"self":[{"href":"http:\/\/mct.cyon.site\/en\/wp-json\/wp\/v2\/pages\/1730","targetHints":{"allow":["GET"]}}],"collection":[{"href":"http:\/\/mct.cyon.site\/en\/wp-json\/wp\/v2\/pages"}],"about":[{"href":"http:\/\/mct.cyon.site\/en\/wp-json\/wp\/v2\/types\/page"}],"author":[{"embeddable":true,"href":"http:\/\/mct.cyon.site\/en\/wp-json\/wp\/v2\/users\/1"}],"replies":[{"embeddable":true,"href":"http:\/\/mct.cyon.site\/en\/wp-json\/wp\/v2\/comments?post=1730"}],"version-history":[{"count":13,"href":"http:\/\/mct.cyon.site\/en\/wp-json\/wp\/v2\/pages\/1730\/revisions"}],"predecessor-version":[{"id":1939,"href":"http:\/\/mct.cyon.site\/en\/wp-json\/wp\/v2\/pages\/1730\/revisions\/1939"}],"wp:attachment":[{"href":"http:\/\/mct.cyon.site\/en\/wp-json\/wp\/v2\/media?parent=1730"}],"curies":[{"name":"wp","href":"https:\/\/api.w.org\/{rel}","templated":true}]}}