{"id":1885,"date":"2020-12-27T11:41:11","date_gmt":"2020-12-27T11:41:11","guid":{"rendered":"http:\/\/mct.cyon.site\/weitere-hinweise-dup-2\/"},"modified":"2021-03-09T14:26:45","modified_gmt":"2021-03-09T14:26:45","slug":"weitere-hinweise-dup-2","status":"publish","type":"page","link":"https:\/\/mct.cyon.site\/de\/weitere-hinweise-dup-2\/","title":{"rendered":"Einsatz von Methylenblau"},"content":{"rendered":"\n<p>Wie schon unter Metabolischer Therapie erw\u00e4hnt, gibt es zwei zus\u00e4tzliche M\u00f6glichkeiten, die metabolische Grundtherapie bestehend aus Alphalipon und Hydroxyzitrat zu verst\u00e4rken, es handelt sich um Methylenblau oder Chlordioxid. <\/p>\n\n\n\n<p>Hier finden Sie detallierte Angaben zum Einsatz von Methylenblau.<\/p>\n\n\n\n<ul class=\"wp-block-list\"><li><a href=\"http:\/\/mct.cyon.site\/de\/methylenblau-anwendung\">Methylenblau-Anwendung bei <span class='tooltipsall tooltipsincontent classtoolTips0'>Krebs<\/span><\/a><\/li><li><a href=\"http:\/\/mct.cyon.site\/de\/wirkungsweise-von-methylenblau\/\">Methylenblau Wirkungsweise<\/a><\/li><\/ul>\n\n\n\n<p><\/p>\n\n\n\n<p>Zudem hat sich herausgestellt, dass <strong>neurodegenerative Krankheiten (wie Alzheimer, Parkinson, usw.)<\/strong> mit gleichen Wirkstoffen und \u00e4hnlichen metabolischen Therapien vorgebeugt oder deren Verlauf gebremst werden kann, insbesondere auch mit Methylenblau und Kokos\u00f6l.<\/p>\n\n\n\n<ul class=\"wp-block-list\"><li><a href=\"http:\/\/mct.cyon.site\/de\/methylenblau-anwendung-bei-neuro\">Methylenblau-Anwendung bei neurodegenerativen Problemen<\/a><\/li><li>Einsatz von <a href=\"http:\/\/mct.cyon.site\/de\/wirkungsweise-kokosoel\/\">Kokos\u00f6l, Wirkungsweise und Therapie<\/a> bei neurodegenerativen Problemen<\/li><\/ul>\n<script type=\"text\/javascript\"> toolTips('.classtoolTips0','Krebs ist der Sammelbegriff f\u00fcr alle Krankheiten, bei denen urspr\u00fcnglich normale Zellen des menschlichen K\u00f6rpers sich zu Krebszellen ver\u00e4ndern. Krebszellen k\u00f6nnen sich ungehemmt vermehren, Tumoren bilden, dazu auch Blutgef\u00e4sse anzapfen, in benachbartes Gewebe einwachsen und es sch\u00e4digen, sich im K\u00f6rper ausbreiten und an anderen Stellen Tochtergeschw\u00fclste (Metastasen) bilden.'); <\/script>","protected":false},"excerpt":{"rendered":"<p>Wie schon unter Metabolischer Therapie erw\u00e4hnt, gibt es zwei zus\u00e4tzliche M\u00f6glichkeiten, die metabolische Grundtherapie bestehend aus Alphalipon und Hydroxyzitrat zu &hellip; <a href=\"https:\/\/mct.cyon.site\/de\/weitere-hinweise-dup-2\/\" class=\"more-link\"><span class=\"more-button\">Read More<span class=\"screen-reader-text\">Einsatz von Methylenblau<\/span><\/span><\/a><\/p>\n","protected":false},"author":1,"featured_media":0,"parent":0,"menu_order":0,"comment_status":"closed","ping_status":"closed","template":"","meta":{"footnotes":""},"class_list":["post-1885","page","type-page","status-publish","hentry"],"_links":{"self":[{"href":"https:\/\/mct.cyon.site\/de\/wp-json\/wp\/v2\/pages\/1885","targetHints":{"allow":["GET"]}}],"collection":[{"href":"https:\/\/mct.cyon.site\/de\/wp-json\/wp\/v2\/pages"}],"about":[{"href":"https:\/\/mct.cyon.site\/de\/wp-json\/wp\/v2\/types\/page"}],"author":[{"embeddable":true,"href":"https:\/\/mct.cyon.site\/de\/wp-json\/wp\/v2\/users\/1"}],"replies":[{"embeddable":true,"href":"https:\/\/mct.cyon.site\/de\/wp-json\/wp\/v2\/comments?post=1885"}],"version-history":[{"count":5,"href":"https:\/\/mct.cyon.site\/de\/wp-json\/wp\/v2\/pages\/1885\/revisions"}],"predecessor-version":[{"id":1944,"href":"https:\/\/mct.cyon.site\/de\/wp-json\/wp\/v2\/pages\/1885\/revisions\/1944"}],"wp:attachment":[{"href":"https:\/\/mct.cyon.site\/de\/wp-json\/wp\/v2\/media?parent=1885"}],"curies":[{"name":"wp","href":"https:\/\/api.w.org\/{rel}","templated":true}]}}