{"id":458,"date":"2019-08-10T12:47:58","date_gmt":"2019-08-10T12:47:58","guid":{"rendered":"http:\/\/mct.cyon.site\/schulmedizin-3\/"},"modified":"2019-11-16T11:44:10","modified_gmt":"2019-11-16T11:44:10","slug":"krebs","status":"publish","type":"page","link":"https:\/\/mct.cyon.site\/de\/krebs\/","title":{"rendered":"Krebs und Therapien?"},"content":{"rendered":"\n<p>Um die Therapieoptionen zu verstehen, sollte man wissen was <span class='tooltipsall tooltipsincontent classtoolTips0'>Krebs<\/span> ist und welche zwei wissenschaftlichen Theorien dar\u00fcber existieren. In K\u00fcrze \u2026 <\/p>\n\n\n\n<h3 class=\"wp-block-heading\">Was ist Krebs?<\/h3>\n\n\n\n<p>Krebs ist der Sammelbegriff f\u00fcr alle Krankheiten, bei denen urspr\u00fcnglich normale Zellen des menschlichen K\u00f6rpers sich zu Krebszellen ver\u00e4ndern. Krebszellen k\u00f6nnen sich ungehemmt vermehren, Tumoren bilden, dazu auch Blutgef\u00e4sse anzapfen, in benachbartes Gewebe einwachsen und es sch\u00e4digen, sich im K\u00f6rper ausbreiten und an anderen Stellen Tochtergeschw\u00fclste (Metastasen) bilden.<\/p>\n\n\n\n<h3 class=\"wp-block-heading\"><a>Was kann Krebs ausl\u00f6sen?<\/a><\/h3>\n\n\n\n<p>F\u00fcr die meisten Krebsarten wird Krebs durch die Alterung ausgel\u00f6st (das mittlere Erkrankungsalter liegt bei 70 Jahren). Weitere m\u00f6gliche Ausl\u00f6sefaktoren sind chronische Entz\u00fcndungen, Vererbung (rund 7%), Viren, Umweltgifte, Karzinogene, Ern\u00e4hrung, ungesunde Lebensweise, usw.  <\/p>\n\n\n\n<h3 class=\"wp-block-heading\"><strong>Krebsursache gem\u00e4ss Mutationstheorie (Schulmedizin<\/strong>)<\/h3>\n\n\n\n<p> Krebszellen entstehen, wenn sich bestimmte Abschnitte der Erbsubstanz (Gene) ver\u00e4ndern, diese Ver\u00e4nderungen nicht mehr repariert und die Erbinformationen dadurch \u201everf\u00e4lscht\u201c werden. Je \u00e4lter der Mensch wird, desto unzuverl\u00e4ssiger arbeitet das Reparatursystem der Gene.  Es ist unklar, wie die Genmutationen ausgel\u00f6st werden <\/p>\n\n\n\n<h3 class=\"wp-block-heading\"><strong>Krebsursache gem\u00e4ss Stoffwechseltheorie<\/strong> (Metabolische Theorie)<\/h3>\n\n\n\n<p> Auch die Stoffwechseltheorie geht davon aus, dass Genmutationen die Ursache von Krebs ist. Der enorm <strong>bedeutungsvolle Unterschied<\/strong> ist aber, dass die <strong>prim\u00e4re Ursache f\u00fcr fast alle Krebsarten der beeintr\u00e4chtige Energiestoffwechsel der Zelle<\/strong> ist, welcher die Genmutationen ausl\u00f6st.  Eine massgebende Rolle im Energiestoffwechsel haben die <strong>Mitochondrien<\/strong>.  <\/p>\n\n\n\n<h3 class=\"wp-block-heading\"><strong>Unterschied der Theorien <\/strong><\/h3>\n\n\n\n<p>Warum ist dieser Unterschied so bedeutungsvoll? <\/p>\n\n\n\n<p>Weil es gem\u00e4ss <strong>metabolischer Theorie<\/strong> f\u00fcr fast alle Krebsarten <strong>nur eine Ursache<\/strong> gibt, den beeintr\u00e4chtigten Energiestoffwechsel! Gelingt es, eine Behandlung zu finden, die <strong>Mitochondrien wieder funktionsf\u00e4hig <\/strong>zu machen und damit den Energiestoffwechsel zu normalisieren, <strong>kann der Krebs gestoppt<\/strong> werden. <\/p>\n\n\n\n<p>Geht man, wie in der Schulmeinung davon aus, dass man\nGenmutationen bek\u00e4mpfen muss, ist man mit <strong>Hunderten\nverschiedener Mutationen<\/strong> konfrontiert. Das macht die neuen <strong>zielgerichteten Therapien sehr teuer und\nbeschr\u00e4nkt sie jeweils auf eine Krebsart<\/strong>. Dazu kann man nur hoffen, dass\nsich im K\u00f6rper der betroffenen Person nicht wieder eine neue Mutation\nentwickelt.<\/p>\n\n\n\n<h3 class=\"wp-block-heading\"><strong>Konsequenz f\u00fcr Therapien<\/strong><\/h3>\n\n\n\n<p><strong>Therapieansatz Schulmedizin<\/strong>: Tumor und Metastasen zerst\u00f6ren, Genmutationen bek\u00e4mpfen (Operation, Chemo, Bestrahlung bzw. neue Therapien). <\/p>\n\n\n\n<p><strong>Metabolischer Therapieansatz<\/strong>: Mitochondrien wieder funktionsf\u00e4hig machen. Leider fliesst dieser Therapieansatz (noch) nicht in die Ausbildung der \u00c4rzte ein, sodass Sie von den meisten Onkologen diesbez\u00fcglich keine Empfehlungen und von den Krankenkassen keine Erstattung erwarten d\u00fcrfen.&nbsp; Deshalb widmet diese Webseite der <strong>metabolischen Theorie und Therapie<\/strong> etwas mehr Platz. <\/p>\n\n\n\n<p>Die <strong>metabolische Therapie <\/strong>kann <strong>parallel <\/strong>zu einer notwendigen<strong> schulmedizinischen Therapie <\/strong>durchgef\u00fchrt werden! Sie hat keine Nebenwirkungen. <strong>Also immer und von Anfang an machen<\/strong>! Sehen Sie dies als <strong>Versicherung <\/strong>an, sie kostet nur rund \u20ac250 pro Monat. <\/p>\n\n\n\n<h3 class=\"wp-block-heading\">Weitere Behandlungsans\u00e4tze <\/h3>\n\n\n\n<p><strong>Komplement\u00e4re Behandlungen<\/strong> haben zum Ziel, die Wirkung konventioneller Therapien zu erh\u00f6hen und sch\u00e4dliche Nebenwirkungen zu reduzieren. <\/p>\n\n\n\n<p><strong>Alternative Optionen<\/strong>\nsind Behandlungsmethoden, die sich als Alternative zu den wissenschaftlich\nbegr\u00fcndeten Therapien verstehen. Sie sind nicht Gegenstand dieser Webseite.<\/p>\n\n\n\n<p><br><\/p>\n<script type=\"text\/javascript\"> toolTips('.classtoolTips0','Krebs ist der Sammelbegriff f\u00fcr alle Krankheiten, bei denen urspr\u00fcnglich normale Zellen des menschlichen K\u00f6rpers sich zu Krebszellen ver\u00e4ndern. Krebszellen k\u00f6nnen sich ungehemmt vermehren, Tumoren bilden, dazu auch Blutgef\u00e4sse anzapfen, in benachbartes Gewebe einwachsen und es sch\u00e4digen, sich im K\u00f6rper ausbreiten und an anderen Stellen Tochtergeschw\u00fclste (Metastasen) bilden.'); <\/script>","protected":false},"excerpt":{"rendered":"<p>Um die Therapieoptionen zu verstehen, sollte man wissen was Krebs ist und welche zwei wissenschaftlichen Theorien dar\u00fcber existieren. In K\u00fcrze &hellip; <a href=\"https:\/\/mct.cyon.site\/de\/krebs\/\" class=\"more-link\"><span class=\"more-button\">Read More<span class=\"screen-reader-text\">Krebs und Therapien?<\/span><\/span><\/a><\/p>\n","protected":false},"author":1,"featured_media":0,"parent":0,"menu_order":0,"comment_status":"closed","ping_status":"closed","template":"","meta":{"footnotes":""},"class_list":["post-458","page","type-page","status-publish","hentry"],"_links":{"self":[{"href":"https:\/\/mct.cyon.site\/de\/wp-json\/wp\/v2\/pages\/458","targetHints":{"allow":["GET"]}}],"collection":[{"href":"https:\/\/mct.cyon.site\/de\/wp-json\/wp\/v2\/pages"}],"about":[{"href":"https:\/\/mct.cyon.site\/de\/wp-json\/wp\/v2\/types\/page"}],"author":[{"embeddable":true,"href":"https:\/\/mct.cyon.site\/de\/wp-json\/wp\/v2\/users\/1"}],"replies":[{"embeddable":true,"href":"https:\/\/mct.cyon.site\/de\/wp-json\/wp\/v2\/comments?post=458"}],"version-history":[{"count":19,"href":"https:\/\/mct.cyon.site\/de\/wp-json\/wp\/v2\/pages\/458\/revisions"}],"predecessor-version":[{"id":1499,"href":"https:\/\/mct.cyon.site\/de\/wp-json\/wp\/v2\/pages\/458\/revisions\/1499"}],"wp:attachment":[{"href":"https:\/\/mct.cyon.site\/de\/wp-json\/wp\/v2\/media?parent=458"}],"curies":[{"name":"wp","href":"https:\/\/api.w.org\/{rel}","templated":true}]}}