{"id":470,"date":"2019-08-10T13:42:14","date_gmt":"2019-08-10T13:42:14","guid":{"rendered":"http:\/\/mct.cyon.site\/schulmedizin-4\/"},"modified":"2020-04-14T08:50:46","modified_gmt":"2020-04-14T08:50:46","slug":"vorgehen","status":"publish","type":"page","link":"https:\/\/mct.cyon.site\/de\/vorgehen\/","title":{"rendered":"Vorgehensplan"},"content":{"rendered":"\n<h3 class=\"wp-block-heading\">Ihre Situation &#8230;<\/h3>\n\n\n\n<ul class=\"wp-block-list\"><li>Sie haben vernommen, <strong>dass Sie <span class='tooltipsall tooltipsincontent classtoolTips0'>Krebs<\/span> haben<\/strong>. Sie sind unter <strong>Schock <\/strong>und unter <strong>Druck<\/strong>, sofort mit Chemo zu beginnen?   Oder &#8230;<br><\/li><li><strong>Ihr Krebs wird mittels Chemo oder Strahlen behandelt<\/strong>. Sie leiden unter Nebenwirkungen und m\u00f6chten ganz einfach wissen: gibt es denn <strong>keine anderen Alternativen<\/strong>?   Oder &#8230;<br><\/li><li> Pl\u00f6tzlich sind <strong>Metastasen aufgetaucht<\/strong>, nachdem doch einige Zeit alles gut ging, ausser den Nebeneffekten. <strong>Nochmals eine Chemo oder Radiotherapie durchmachen<\/strong>?<br> <\/li><\/ul>\n\n\n\n<h3 class=\"wp-block-heading\">\u2026 und Ihr Vorgehensplan<\/h3>\n\n\n\n<ol class=\"wp-block-list\"><li>Ganzheitlich orientierten Arzt (<strong>Integrativer Onkologe<\/strong>) suchen, zus\u00e4tzlich zum Onkologen zwecks Zweitmeinung, Begleitung bei der Metabolischen Therapie und allf\u00e4lligen komplement\u00e4ren Methoden.  Er sollte Ihr <strong>Vertrauensarzt f\u00fcr die Krebsbehandlung <\/strong>sein\/werden.  <br> <\/li><li><strong>Je nach akuter Bedrohung<\/strong>, gem\u00e4ss Empfehlung des Onkologen und nach R\u00fccksprache mit dem Vertrauensarzt, <strong>Durchf\u00fchrung n\u00f6tiger konventioneller Verfahren <\/strong>(Operation, leichte Chemo, Bestrahlung, usw.) bzw. <strong>neuer Krebstherapien<\/strong> sofern diese bezahlt werden k\u00f6nnen. <br> <br> <strong>und<\/strong>\/oder in jedem Fall<br> <\/li><li><strong>Sofortiger Start der Metabolischen Therapie <\/strong>inkl. unterst\u00fctzender Massnahmen begleitet durch Ihren Vertrauensarzt. Bewegung an frischer Luft und gesunde Ern\u00e4hrung. <br> <\/li><li>Im Falle von <strong>fortgeschrittenen Metastasen<\/strong> die konventionellen Methoden nur anwenden um akut lebensbedrohende Situationen abzuwenden und die <strong>Metabolische Therapie und deren unterst\u00fctzende Massnahmen strikt fortf\u00fchren, insbesondere auch eine zuckerreduzierte Ern\u00e4hrung.  <br> <\/strong><\/li><li><strong>Laufende Kontrolle<\/strong> der Resultate der eingesetzten Therapien, mit dem Onkologen und mit Ihrem Vertrauensarzt. <b>N\u00f6tige Entscheide mit Ihrem Vertrauensarzt treffen<\/b>.<\/li><\/ol>\n\n\n\n<p> <\/p>\n\n\n\n<p><br><\/p>\n<script type=\"text\/javascript\"> toolTips('.classtoolTips0','Krebs ist der Sammelbegriff f\u00fcr alle Krankheiten, bei denen urspr\u00fcnglich normale Zellen des menschlichen K\u00f6rpers sich zu Krebszellen ver\u00e4ndern. Krebszellen k\u00f6nnen sich ungehemmt vermehren, Tumoren bilden, dazu auch Blutgef\u00e4sse anzapfen, in benachbartes Gewebe einwachsen und es sch\u00e4digen, sich im K\u00f6rper ausbreiten und an anderen Stellen Tochtergeschw\u00fclste (Metastasen) bilden.'); <\/script>","protected":false},"excerpt":{"rendered":"<p>Ihre Situation &#8230; Sie haben vernommen, dass Sie Krebs haben. Sie sind unter Schock und unter Druck, sofort mit Chemo &hellip; <a href=\"https:\/\/mct.cyon.site\/de\/vorgehen\/\" class=\"more-link\"><span class=\"more-button\">Read More<span class=\"screen-reader-text\">Vorgehensplan<\/span><\/span><\/a><\/p>\n","protected":false},"author":1,"featured_media":0,"parent":0,"menu_order":0,"comment_status":"closed","ping_status":"closed","template":"","meta":{"footnotes":""},"class_list":["post-470","page","type-page","status-publish","hentry"],"_links":{"self":[{"href":"https:\/\/mct.cyon.site\/de\/wp-json\/wp\/v2\/pages\/470","targetHints":{"allow":["GET"]}}],"collection":[{"href":"https:\/\/mct.cyon.site\/de\/wp-json\/wp\/v2\/pages"}],"about":[{"href":"https:\/\/mct.cyon.site\/de\/wp-json\/wp\/v2\/types\/page"}],"author":[{"embeddable":true,"href":"https:\/\/mct.cyon.site\/de\/wp-json\/wp\/v2\/users\/1"}],"replies":[{"embeddable":true,"href":"https:\/\/mct.cyon.site\/de\/wp-json\/wp\/v2\/comments?post=470"}],"version-history":[{"count":11,"href":"https:\/\/mct.cyon.site\/de\/wp-json\/wp\/v2\/pages\/470\/revisions"}],"predecessor-version":[{"id":1504,"href":"https:\/\/mct.cyon.site\/de\/wp-json\/wp\/v2\/pages\/470\/revisions\/1504"}],"wp:attachment":[{"href":"https:\/\/mct.cyon.site\/de\/wp-json\/wp\/v2\/media?parent=470"}],"curies":[{"name":"wp","href":"https:\/\/api.w.org\/{rel}","templated":true}]}}