{"id":505,"date":"2019-08-12T08:42:59","date_gmt":"2019-08-12T08:42:59","guid":{"rendered":"http:\/\/mct.cyon.site\/schulmedizin-5-2\/"},"modified":"2019-11-16T11:39:34","modified_gmt":"2019-11-16T11:39:34","slug":"ausblick","status":"publish","type":"page","link":"https:\/\/mct.cyon.site\/de\/ausblick\/","title":{"rendered":"Ausblick"},"content":{"rendered":"\n<p>Neben den schulmedizinischen Behandlungsmethoden von <span class='tooltipsall tooltipsincontent classtoolTips0'>Krebs<\/span> haben\nSie auf dieser Webseite die <strong>metabolischen\nOptionen<\/strong> kennengelernt. <\/p>\n\n\n\n<p>Die metabolische Theorie geht davon aus, dass Krebs eine <strong>Stoffwechselkrankheit <\/strong>ist und durch einen <strong>Defekt im zellul\u00e4ren Energiestoffwechsel<\/strong> verursacht wird, der haupts\u00e4chlich mit der Funktion der Mitochondrien zusammenh\u00e4ngt. <\/p>\n\n\n\n<p>Dies <strong>er\u00f6ffnet Ihnen<\/strong> <strong>neue M\u00f6glichkeiten<\/strong>, die im schulmedizinischen Umfeld nicht vorgeschlagen werden, weil diese davon ausgehen, dass Krebs keine einheitliche Krankheit ist, die mit einer einzigen Strategie behandelt werden kann.<\/p>\n\n\n\n<p><strong>Metabolischen\nTherapien <\/strong>k\u00f6nnen begleitend zu den konservativen Therapien durchgef\u00fchrt\nwerden und erh\u00f6hen Ihre <strong>Chancen f\u00fcr eine\nerfolgreiche Bek\u00e4mpfung Ihrer Krankheit<\/strong>. Sie sind g\u00fcnstig und haben keine\nsch\u00e4dlichen Nebeneffekte.<\/p>\n\n\n\n<p>Mit der metabolischen Theorie l\u00e4sst sich aber noch mehr erkl\u00e4ren. Sobald die Mitochondrien ihre F\u00e4higkeit einb\u00fcssen, effizient zu arbeiten, setzt der funktionelle Verfall ein, den man als &#171;Altern&#187; bezeichnet, verbunden mit den entsprechenden Auswirkungen und Krankheiten, wie <strong>Krebs<\/strong>, <strong>Alzheimer und Parkinson<\/strong>. Entsprechend kann man davon ausgehen, dass die metabolischen Optionen auch bei neurodegenerativen Krankheiten im Anfangsstadium helfen. <\/p>\n\n\n\n<p>Es ist zu hoffen, dass die Forschung gem\u00e4ss metabolischem Ansatz intensiviert wird und schliesslich zur Heilung von Krebs und weiteren Krankheiten f\u00fchrt. Dies, nachdem die schulmedizinischen Therapien in den letzten 50 Jahren die Sterblichkeit, gemessen \u00fcber mehr als f\u00fcnf Jahre nur wenig verringern konnten (mit Ausnahme f\u00fcr wenige Krebsarten und der l\u00e4ngerfristig noch nicht bekannten Wirkung zielgerichteter Therapien).<\/p>\n\n\n\n<p>Kurzfristiges Ziel ist aber, dass Sie als Krebsbetroffene\/Krebsbetroffener<strong> mit den gegenw\u00e4rtig vorhandenen M\u00f6glichkeiten Ihre Krankheit in den Griff bekommen<\/strong>. Den Krebs heilen oder mindestens so stoppen, dass Sie den Krebs unter Kontrolle halten und Ihr Leben mit guter Qualit\u00e4t weiterf\u00fchren k\u00f6nnen. <strong>Sie haben die Optionen kennengelernt, die Initiative liegt bei Ihnen!<\/strong><\/p>\n\n\n\n<p><\/p>\n<script type=\"text\/javascript\"> toolTips('.classtoolTips0','Krebs ist der Sammelbegriff f\u00fcr alle Krankheiten, bei denen urspr\u00fcnglich normale Zellen des menschlichen K\u00f6rpers sich zu Krebszellen ver\u00e4ndern. Krebszellen k\u00f6nnen sich ungehemmt vermehren, Tumoren bilden, dazu auch Blutgef\u00e4sse anzapfen, in benachbartes Gewebe einwachsen und es sch\u00e4digen, sich im K\u00f6rper ausbreiten und an anderen Stellen Tochtergeschw\u00fclste (Metastasen) bilden.'); <\/script>","protected":false},"excerpt":{"rendered":"<p>Neben den schulmedizinischen Behandlungsmethoden von Krebs haben Sie auf dieser Webseite die metabolischen Optionen kennengelernt. Die metabolische Theorie geht davon &hellip; <a href=\"https:\/\/mct.cyon.site\/de\/ausblick\/\" class=\"more-link\"><span class=\"more-button\">Read More<span class=\"screen-reader-text\">Ausblick<\/span><\/span><\/a><\/p>\n","protected":false},"author":1,"featured_media":0,"parent":0,"menu_order":0,"comment_status":"closed","ping_status":"closed","template":"","meta":{"footnotes":""},"class_list":["post-505","page","type-page","status-publish","hentry"],"_links":{"self":[{"href":"https:\/\/mct.cyon.site\/de\/wp-json\/wp\/v2\/pages\/505","targetHints":{"allow":["GET"]}}],"collection":[{"href":"https:\/\/mct.cyon.site\/de\/wp-json\/wp\/v2\/pages"}],"about":[{"href":"https:\/\/mct.cyon.site\/de\/wp-json\/wp\/v2\/types\/page"}],"author":[{"embeddable":true,"href":"https:\/\/mct.cyon.site\/de\/wp-json\/wp\/v2\/users\/1"}],"replies":[{"embeddable":true,"href":"https:\/\/mct.cyon.site\/de\/wp-json\/wp\/v2\/comments?post=505"}],"version-history":[{"count":30,"href":"https:\/\/mct.cyon.site\/de\/wp-json\/wp\/v2\/pages\/505\/revisions"}],"predecessor-version":[{"id":1495,"href":"https:\/\/mct.cyon.site\/de\/wp-json\/wp\/v2\/pages\/505\/revisions\/1495"}],"wp:attachment":[{"href":"https:\/\/mct.cyon.site\/de\/wp-json\/wp\/v2\/media?parent=505"}],"curies":[{"name":"wp","href":"https:\/\/api.w.org\/{rel}","templated":true}]}}