{"id":819,"date":"2019-09-01T13:10:29","date_gmt":"2019-09-01T13:10:29","guid":{"rendered":"http:\/\/mct.cyon.site\/schulmedizin-5-2-2\/"},"modified":"2020-04-26T10:04:41","modified_gmt":"2020-04-26T10:04:41","slug":"schulmedizin-5-2-2","status":"publish","type":"page","link":"https:\/\/mct.cyon.site\/de\/","title":{"rendered":""},"content":{"rendered":"\n<p>Liebe\nKrebsbetroffene und Angeh\u00f6rige<\/p>\n\n\n\n<p>Die <strong>Diagnose <span class='tooltipsall tooltipsincontent classtoolTips0'>Krebs<\/span> schockiert<\/strong>. Der Onkologe\nverschreibt eine Therapie. Sie versuchen im Internet mehr dar\u00fcber zu erfahren,\nBekannte geben Ratschl\u00e4ge. Die F\u00fclle zum Teil gegens\u00e4tzlicher Informationen\nverwirrt. Gibt es Optionen, <strong>welcher Weg\nist f\u00fcr mich der Richtige, was soll ich machen?<\/strong><\/p>\n\n\n\n<p>Diese Webseite\nliefert Ihnen Grundlagen f\u00fcr Ihre Therapie-Entscheide im Laufe der Krankheit,\nin allgemein verst\u00e4ndlicher Sprache. Neben den bekannten <strong>konventionellen und neuen zielgerichteten Behandlungen auch \u00fcber neue\nmetabolische Therapien<\/strong>, die der Onkologe (noch) nicht vorschl\u00e4gt, die aber\nlebensrettend sein k\u00f6nnen!<\/p>\n\n\n\n<p>Auch wenn der Arzt eine Behandlung vorschl\u00e4gt, den <strong>Entscheid m\u00fcssen Sie f\u00e4llen<\/strong>, h\u00e4ufig\nbei reduzierter psychischer und physischer Verfassung. Diese Webseite soll Sie\ndabei unterst\u00fctzen. <strong>Das Ziel ist eine\nf\u00fcr Sie erfolgreiche Krebstherapie! <br>\n<br>\n<\/strong><\/p>\n\n\n\n<p><strong>Bemerkung<\/strong>: Diese Webseite wurde nach\nbestem Wissen und Gewissen f\u00fcr Krebsbetroffene zusammengestellt. Die\nErfahrungen aus enger Begleitung von Krebspatienten sind darin eingeflossen. Beschreibungen\nund Darstellungen sind f\u00fcr das Zielpublikum bewusst vereinfacht. Es existieren\nkeine kommerziellen Abh\u00e4ngigkeiten oder Interessen.<\/p>\n<script type=\"text\/javascript\"> toolTips('.classtoolTips0','Krebs ist der Sammelbegriff f\u00fcr alle Krankheiten, bei denen urspr\u00fcnglich normale Zellen des menschlichen K\u00f6rpers sich zu Krebszellen ver\u00e4ndern. Krebszellen k\u00f6nnen sich ungehemmt vermehren, Tumoren bilden, dazu auch Blutgef\u00e4sse anzapfen, in benachbartes Gewebe einwachsen und es sch\u00e4digen, sich im K\u00f6rper ausbreiten und an anderen Stellen Tochtergeschw\u00fclste (Metastasen) bilden.'); <\/script>","protected":false},"excerpt":{"rendered":"<p>Liebe Krebsbetroffene und Angeh\u00f6rige Die Diagnose Krebs schockiert. Der Onkologe verschreibt eine Therapie. Sie versuchen im Internet mehr dar\u00fcber zu &hellip; <a href=\"https:\/\/mct.cyon.site\/de\/\" class=\"more-link\"><span class=\"more-button\">Read More<span class=\"screen-reader-text\"><\/span><\/span><\/a><\/p>\n","protected":false},"author":1,"featured_media":0,"parent":0,"menu_order":0,"comment_status":"closed","ping_status":"closed","template":"templates\/right-sidebar.php","meta":{"footnotes":""},"class_list":["post-819","page","type-page","status-publish","hentry"],"_links":{"self":[{"href":"https:\/\/mct.cyon.site\/de\/wp-json\/wp\/v2\/pages\/819","targetHints":{"allow":["GET"]}}],"collection":[{"href":"https:\/\/mct.cyon.site\/de\/wp-json\/wp\/v2\/pages"}],"about":[{"href":"https:\/\/mct.cyon.site\/de\/wp-json\/wp\/v2\/types\/page"}],"author":[{"embeddable":true,"href":"https:\/\/mct.cyon.site\/de\/wp-json\/wp\/v2\/users\/1"}],"replies":[{"embeddable":true,"href":"https:\/\/mct.cyon.site\/de\/wp-json\/wp\/v2\/comments?post=819"}],"version-history":[{"count":8,"href":"https:\/\/mct.cyon.site\/de\/wp-json\/wp\/v2\/pages\/819\/revisions"}],"predecessor-version":[{"id":1385,"href":"https:\/\/mct.cyon.site\/de\/wp-json\/wp\/v2\/pages\/819\/revisions\/1385"}],"wp:attachment":[{"href":"https:\/\/mct.cyon.site\/de\/wp-json\/wp\/v2\/media?parent=819"}],"curies":[{"name":"wp","href":"https:\/\/api.w.org\/{rel}","templated":true}]}}