{"id":1873,"date":"2020-12-27T11:03:24","date_gmt":"2020-12-27T11:03:24","guid":{"rendered":"http:\/\/mct.cyon.site\/weitere-hinweise-dup\/"},"modified":"2021-03-09T14:28:50","modified_gmt":"2021-03-09T14:28:50","slug":"weitere-hinweise-dup","status":"publish","type":"page","link":"https:\/\/mct.cyon.site\/en\/weitere-hinweise-dup\/","title":{"rendered":"Use of chlorine dioxide"},"content":{"rendered":"<p class=\"translation-block\">As mentioned under metabolic therapy, there are two additional ways to enhance the basic metabolic therapy consisting of alphalipone and hydroxycitrate, they are Chlorine dioxide or Methylene Blue.<\/p>\n\n\n\n<p>Here you will find detailed information on the use of chlorine dioxide.<\/p>\n\n\n\n<ul class=\"wp-block-list\"><li><a href=\"http:\/\/mct.cyon.site\/en\/cds-anwendung\/\">Chlordioxid-Anwendung bei <span class='tooltipsall tooltipsincontent classtoolTips0'>Cancer<\/span><\/a><\/li><li><a href=\"http:\/\/mct.cyon.site\/en\/cds-funktion\/\">Chlorine dioxide mode of action<\/a><\/li><\/ul>\n\n\n\n<p><\/p>\n\n\n\n<p><strong>Zudem hat sich Chlordioxid bei der Bek\u00e4mpfung von Bakterien und Viren, insbesondere auch Covid 19 bew\u00e4hrt.<\/strong><\/p>\n\n\n\n<ul class=\"wp-block-list\"><li><a href=\"http:\/\/mct.cyon.site\/en\/cds-anwendung-corona\/\">Chlorine dioxide application for Covid-19<\/a><\/li><\/ul>\n\n\n\n<p><\/p>\n<script type=\"text\/javascript\"> toolTips('.classtoolTips0','Krebs ist der Sammelbegriff f\u00fcr alle Krankheiten, bei denen urspr\u00fcnglich normale Zellen des menschlichen K\u00f6rpers sich zu Krebszellen ver\u00e4ndern. Krebszellen k\u00f6nnen sich ungehemmt vermehren, Tumoren bilden, dazu auch Blutgef\u00e4sse anzapfen, in benachbartes Gewebe einwachsen und es sch\u00e4digen, sich im K\u00f6rper ausbreiten und an anderen Stellen Tochtergeschw\u00fclste (Metastasen) bilden.'); <\/script>","protected":false},"excerpt":{"rendered":"<p>Wie schon unter Metabolischer Therapie erw\u00e4hnt, gibt es zwei zus\u00e4tzliche M\u00f6glichkeiten, die metabolische Grundtherapie bestehend aus Alphalipon und Hydroxyzitrat zu &hellip; <a href=\"https:\/\/mct.cyon.site\/en\/weitere-hinweise-dup\/\" class=\"more-link\"><span class=\"more-button\">Read More<span class=\"screen-reader-text\">Use of chlorine dioxide<\/span><\/span><\/a><\/p>","protected":false},"author":1,"featured_media":0,"parent":0,"menu_order":0,"comment_status":"closed","ping_status":"closed","template":"","meta":{"footnotes":""},"class_list":["post-1873","page","type-page","status-publish","hentry"],"_links":{"self":[{"href":"https:\/\/mct.cyon.site\/en\/wp-json\/wp\/v2\/pages\/1873","targetHints":{"allow":["GET"]}}],"collection":[{"href":"https:\/\/mct.cyon.site\/en\/wp-json\/wp\/v2\/pages"}],"about":[{"href":"https:\/\/mct.cyon.site\/en\/wp-json\/wp\/v2\/types\/page"}],"author":[{"embeddable":true,"href":"https:\/\/mct.cyon.site\/en\/wp-json\/wp\/v2\/users\/1"}],"replies":[{"embeddable":true,"href":"https:\/\/mct.cyon.site\/en\/wp-json\/wp\/v2\/comments?post=1873"}],"version-history":[{"count":8,"href":"https:\/\/mct.cyon.site\/en\/wp-json\/wp\/v2\/pages\/1873\/revisions"}],"predecessor-version":[{"id":1945,"href":"https:\/\/mct.cyon.site\/en\/wp-json\/wp\/v2\/pages\/1873\/revisions\/1945"}],"wp:attachment":[{"href":"https:\/\/mct.cyon.site\/en\/wp-json\/wp\/v2\/media?parent=1873"}],"curies":[{"name":"wp","href":"https:\/\/api.w.org\/{rel}","templated":true}]}}