{"id":1885,"date":"2020-12-27T11:41:11","date_gmt":"2020-12-27T11:41:11","guid":{"rendered":"http:\/\/mct.cyon.site\/weitere-hinweise-dup-2\/"},"modified":"2021-03-09T14:26:45","modified_gmt":"2021-03-09T14:26:45","slug":"weitere-hinweise-dup-2","status":"publish","type":"page","link":"https:\/\/mct.cyon.site\/en\/weitere-hinweise-dup-2\/","title":{"rendered":"Use of methylene blue"},"content":{"rendered":"<p class=\"translation-block\">As mentioned under metabolic therapy, there are two additional ways to augment the basic metabolic therapy consisting of alphalipone and hydroxycitrate, they are methylene blue or chlorine dioxide.<\/p>\n\n\n\n<p>Here you will find detailed information on the use of methylene blue.<\/p>\n\n\n\n<ul class=\"wp-block-list\"><li><a href=\"http:\/\/mct.cyon.site\/en\/methylenblau-anwendung\/\">Methylenblau-Anwendung bei <span class='tooltipsall tooltipsincontent classtoolTips0'>Cancer<\/span><\/a><\/li><li><a href=\"http:\/\/mct.cyon.site\/en\/wirkungsweise-von-methylenblau\/\">Methylene blue mode of action<\/a><\/li><\/ul>\n\n\n\n<p><\/p>\n\n\n\n<p class=\"translation-block\">In addition, it has been found that <b>neurodegenerative diseases (such as Alzheimer, Parkinson, etc.)<\/b> can be prevented or their progression slowed down with the same agents and similar metabolic therapies, especially also with methylene blue and coconut oil.<\/p>\n\n\n\n<ul class=\"wp-block-list\"><li><a href=\"http:\/\/mct.cyon.site\/en\/methylenblau-anwendung-bei-neuro\/\">Methylene blue application for neurodegenerative problems.<\/a><\/li><li class=\"translation-block\">Use of <a href=\"http:\/\/mct.cyon.site\/en\/wirkungsweise-kokosoel\/\" target=\"_self\">coconut oil, mode of action and therapy<\/a> for neurodegenerative problems.<\/li><\/ul>\n<script type=\"text\/javascript\"> toolTips('.classtoolTips0','Krebs ist der Sammelbegriff f\u00fcr alle Krankheiten, bei denen urspr\u00fcnglich normale Zellen des menschlichen K\u00f6rpers sich zu Krebszellen ver\u00e4ndern. Krebszellen k\u00f6nnen sich ungehemmt vermehren, Tumoren bilden, dazu auch Blutgef\u00e4sse anzapfen, in benachbartes Gewebe einwachsen und es sch\u00e4digen, sich im K\u00f6rper ausbreiten und an anderen Stellen Tochtergeschw\u00fclste (Metastasen) bilden.'); <\/script>","protected":false},"excerpt":{"rendered":"<p>Wie schon unter Metabolischer Therapie erw\u00e4hnt, gibt es zwei zus\u00e4tzliche M\u00f6glichkeiten, die metabolische Grundtherapie bestehend aus Alphalipon und Hydroxyzitrat zu &hellip; <a href=\"https:\/\/mct.cyon.site\/en\/weitere-hinweise-dup-2\/\" class=\"more-link\"><span class=\"more-button\">Read More<span class=\"screen-reader-text\">Use of methylene blue<\/span><\/span><\/a><\/p>","protected":false},"author":1,"featured_media":0,"parent":0,"menu_order":0,"comment_status":"closed","ping_status":"closed","template":"","meta":{"footnotes":""},"class_list":["post-1885","page","type-page","status-publish","hentry"],"_links":{"self":[{"href":"https:\/\/mct.cyon.site\/en\/wp-json\/wp\/v2\/pages\/1885","targetHints":{"allow":["GET"]}}],"collection":[{"href":"https:\/\/mct.cyon.site\/en\/wp-json\/wp\/v2\/pages"}],"about":[{"href":"https:\/\/mct.cyon.site\/en\/wp-json\/wp\/v2\/types\/page"}],"author":[{"embeddable":true,"href":"https:\/\/mct.cyon.site\/en\/wp-json\/wp\/v2\/users\/1"}],"replies":[{"embeddable":true,"href":"https:\/\/mct.cyon.site\/en\/wp-json\/wp\/v2\/comments?post=1885"}],"version-history":[{"count":5,"href":"https:\/\/mct.cyon.site\/en\/wp-json\/wp\/v2\/pages\/1885\/revisions"}],"predecessor-version":[{"id":1944,"href":"https:\/\/mct.cyon.site\/en\/wp-json\/wp\/v2\/pages\/1885\/revisions\/1944"}],"wp:attachment":[{"href":"https:\/\/mct.cyon.site\/en\/wp-json\/wp\/v2\/media?parent=1885"}],"curies":[{"name":"wp","href":"https:\/\/api.w.org\/{rel}","templated":true}]}}