{"id":41,"date":"2019-07-13T14:01:12","date_gmt":"2019-07-13T14:01:12","guid":{"rendered":"http:\/\/mct.cyon.site\/?page_id=41"},"modified":"2019-10-24T06:26:42","modified_gmt":"2019-10-24T06:26:42","slug":"schulmedizin","status":"publish","type":"page","link":"https:\/\/mct.cyon.site\/en\/schulmedizin\/","title":{"rendered":"Traditional Therapies"},"content":{"rendered":"<p class=\"translation-block\">The following therapies are listed under traditional, conventional or school medicine:<\/p>\n\n\n\n<ul class=\"wp-block-list\"><li>Surgery<\/li><li>Chemotherapy<\/li><li>Radiation therapy<\/li><li>Bone marrow and blood stem cell transplantation<\/li><li>Antihormone therapy<\/li><li>Immuntherapie.<\/li><\/ul>\n\n\n\n<p>Die Onkologen sind bestens im Bild \u00fcber diese Therapien und die neuesten Entwicklungen und k\u00f6nnen sie kompetent beraten. Diese Website gibt deshalb dar\u00fcber nur eine kurze Zusammenfassung.<\/p>\n\n\n\n<p class=\"translation-block\">In addition, complementary treatments are listed which can accompany conventional cancer therapies, improve their effectiveness and reduce side effects.<\/p>\n\n\n\n<h3 class=\"wp-block-heading\">Surgery<\/h3>\n\n\n\n<p class=\"translation-block\">Depending on the type of cancer, a tumor can be surgically removed. <br>\nDepending on the risk of recurrence (according to the tumor and its stage, see classification of a tumor), chemotherapy or radiotherapy is then carried out with the aim of destroying any cancer cells remaining in the body.<\/p>\n\n\n\n<h3 class=\"wp-block-heading\"><a>Chemotherapy<\/a><\/h3>\n\n\n\n<p class=\"translation-block\"><b>Chemotherapy drugs<\/b> (chemotherapeutics or cytostatic drugs) <b>interfere with and inhibit the cell division process<\/b>. Since cancer cells usually divide and multiply rapidly, they can slow down or stop the growth of cancer cells<\/p>\n\n\n\n<p class=\"translation-block\">Unfortunately, they <b>also damage healthy cells<\/b> that divide rapidly, such as those of the mucous membrane, hair roots or bone marrow, which can lead to harmful side effects (inflammation, abdominal pain, nausea, infection, fatigue, hair loss, risk of further cancers) and long-term consequences.<\/p>\n\n\n\n<p>Die Chemotherapie wirkt auf den ganzen K\u00f6rper mit Ausnahme\ndes Gehirns zu welchem nur bestimmte Zytostatika \u00fcber die\n&#171;Blut-Hirn-Schranke&#187; vordringen k\u00f6nnen. Diese auf den ganzen K\u00f6rper\nwirkende Behandlung nennt man <strong>systemisch<\/strong>,\nim Gegensatz zur lokalen Wirkung von Operation und Bestrahlung.<\/p>\n\n\n\n<p class=\"translation-block\">Chemotherapy is usually <b>performed in four to six cycles<\/b>. Each cycle alternates a several-day treatment with cytostatic drugs with a several-week treatment break. The aim of the treatment break is to regenerate the affected normal tissue, which can usually recover faster from chemotherapy than tumor tissue.<\/p>\n\n\n\n<p><strong>Welches\nKrebsmedikament?<br>\n<\/strong>Der Onkologe entscheidet je nach Krebsart und Zustand des Patienten, welche\nChemotherapeutika in welcher Form (<strong>Infusionen,\nSpritzen oder Tabletten<\/strong>) eingesetzt werden sollen. Dabei st\u00fctzt er sich auf\n<strong>Statistiken <\/strong>von klinischen Studien. <\/p>\n\n\n\n<p class=\"translation-block\">If you want a <b>personalized therapy<\/b>, you can apply for a <b>chemo-sensitivity test<\/b> (check with your health insurance company whether it is reimbursed).  A chemo-sensitivity test tells you which cancer drugs have the best effect on your cancer. For this purpose, the effect of various cytostatic drugs on your cancer cells is tested in the laboratory.<\/p>\n\n\n\n<h3 class=\"wp-block-heading\">Radiotherapy<\/h3>\n\n\n\n<p class=\"translation-block\"><b>Irradiation damages the genetic material of the cells, so that cell division stops and cells die<\/b>, tumors become smaller or disappear. In contrast to systemic chemotherapy, it works only locally in the irradiation field.<\/p>\n\n\n\n<p class=\"translation-block\"><b>Unfortunately, healthy cells in the irradiation field are also damaged<\/b>, whereby healthy cells are more likely to regenerate than cancer cells that die.<\/p>\n\n\n\n<p class=\"translation-block\">In order to enable this regeneration, the <b>radiation dose<\/b> required for the tumor must be administered in several individual sessions (<b>fractions<\/b>). The schedule for these individual sessions is adapted to the patient and his tumor situation, for example daily on several consecutive days. The radiation dose is given in <b>Gray<\/b> (Gy); it indicates how much energy a kilogram of the body has absorbed.<\/p>\n\n\n\n<p class=\"translation-block\">In order to irradiate the tumor to the maximum, but the healthy tissue to the minimum, the part of the body to be irradiated must first be recorded by <b>computer tomography (CT) or magnetic resonance imaging (MRI)<\/b>. In a radiation planning computer, the most favorable arrangement of the radiation fields and their dose is determined three-dimensionally.<\/p>\n\n\n\n<p>Entsprechend dem \u00f6rtlich begrenzten Strahlenbereich k\u00f6nnen Nebenwirkungen (Hautr\u00f6tungen, usw.) lokal auftreten aber auch weitere Auswirkungen ausl\u00f6sen (M\u00fcdigkeit, Fieber, Appetitlosigkeit, Krebs, usw.).<\/p>\n\n\n\n<h3 class=\"wp-block-heading\"><a>Anti-hormone therapy<\/a><\/h3>\n\n\n\n<p class=\"translation-block\">Tumors treated with anti-hormone therapy have receptors to which hormones can dock, causing the tumor to grow and spread.<\/p>\n\n\n\n<p>Durch die Hormontherapie (korrekt w\u00e4re Anti-Hormontherapie) wird die hormonell bedingte Wachstumsm\u00f6glichkeit ausgeschaltet. Mittels Medikamenten soll die Bildung neuer Hormone verhindert werden (Hormonblockade) sodass der Tumor nicht mehr wachsen kann.<\/p>\n\n\n\n<h3 class=\"wp-block-heading\"><a>Bone marrow and blood stem cell transplantation<\/a><\/h3>\n\n\n\n<p>Wenn andere Behandlungsformen bei Leuk\u00e4mie (Sammelbezeichnung f\u00fcr\nverschiedene Krebserkrankungen des blutbildenden Systems) nicht (mehr) wirken,\nkann eine Transplantation von Knochenmark- oder Blutstammzellen noch\nhelfen. Aus den Blutstammzellen entwickeln sich im Knochenmark die roten und\nweissen Blutk\u00f6rperchen und die Blutpl\u00e4ttchen.<\/p>\n\n\n\n<p>Mit einer hochdosierten Chemotherapie allenfalls kombiniert\nmit einer Bestrahlung werden das Knochenmark und die Krebszellen zerst\u00f6rt. Von\neinem Spender werden dann gesunde Stammzellen durch eine Bluttransfusion\n\u00fcbertragen mit dem Ziel im Knochenmark innert rund drei Wochen neue gesunde\nBlutzellen zu bilden.<\/p>\n\n\n\n<p class=\"translation-block\">Side effects<br>\nDue to the strong chemo, the immune defence is almost completely switched off so that the patient has to stay in a sterile unit and be protected with medication. With the blood stem cells, the recipient receives a new immune system that can attack and damage his body.  <br>\nOpportunities and risks have to be weighed together and a suitable donor has to be found!<\/p>\n\n\n\n<h3 class=\"wp-block-heading translation-block\">New therapies - Immunotherapy -Targeted therapies<\/h3>\n\n\n\n<p class=\"translation-block\">The first gene mutations associated with cancer were discovered in the 1970s. The Human Genome Project was founded in 1990 with the aim of completely deciphering the human genome and gaining insights into diseases and new therapies, particularly with regard to cancer. Initial results can be summarized under immunotherapy or targeted therapies.<\/p>\n\n\n\n<p>Eine Immuntherapie nutzt das k\u00f6rpereigene Immunsystem um den Krebs\nzu bek\u00e4mpfen. Ziel ist, das Immunsystem des Patienten so zu trainieren, dass es\nKrebszellen erkennen und angreifen kann. <\/p>\n\n\n\n<p class=\"translation-block\">Within the framework of immunotherapy, white blood cells are stimulated to render the cancer cells harmless, in other words T-cells and natural killer cells are supposed to fight cancer in the same way as they do with otherwise invading pathogens.<\/p>\n\n\n\n<p>Krankheitserreger besitzen auf ihrer Oberfl\u00e4che Molek\u00fcle\n(Antigene), die sie als fremd kennzeichnen und f\u00fcr das Immunsystem angreifbar\nmachen. <\/p>\n\n\n\n<p>Krebszellen sind dagegen aus k\u00f6rpereigenen Zellen\nhervorgegangen. Ihre Antigene weisen sie als Angeh\u00f6rige des K\u00f6rpers aus. So\nbleiben sie vom Immunsystem unentdeckt und vermehren sich \u2013 es entsteht ein\nTumor.<\/p>\n\n\n\n<p>There are different methods to make the cancer cells vulnerable to the immune system: <\/p>\n\n\n\n<ul class=\"wp-block-list\"><li><strong>Immuntherapie\nmit monoklonalen Antik\u00f6rpern<\/strong><strong><br>\n<\/strong>Solche Antik\u00f6rper (Eiweissmolek\u00fcle) heften sich an die Tumorzellen\nund markieren diese zur Beseitigung durch die Immunzellen. Zudem l\u00e4sst sich mit\nihnen Zellgift oder radioaktive Substanzen zu den Krebszellen bringen.<\/li><li><strong>Immunotherapy with therapeutic cancer vaccinations<br>\n<\/strong>Bei dieser Art der Immuntherapie werden T-Zellen \u00fcber dendritische\nZellen in die Lage versetzt, Krebszellen zu erkennen und zu vernichten. Dendritische\nZellen sind spezielle Zellen des Immunsystems, welche die typischen Merkmale\nvon Krebszellen (Antigene) aufnehmen und weitergeben k\u00f6nnen. Sie werden\naus etwa 250 ml Blut des Patienten im Labor vermehrt und nach einigen Tagen dem\nPatienten zur\u00fcck injiziert. Dort impfen sie die T-Zellen sodass diese die Tumorzellen\nerkennen und vernichten k\u00f6nnen.<\/li><li><strong>Immuntherapie\nmit Immun-Checkpoint-Inhibitoren<\/strong><strong><br>\n<\/strong>Manche Tumore k\u00f6nnen das Immunsystem ausbremsen. Auf ihrer\nOberfl\u00e4che tragen sie Molek\u00fcle, die zu bestimmten Rezeptoren der T-Zellen\npassen und wie Ausschaltkn\u00f6pfe funktionieren. Beim Kontakt wird die T-Zelle\ninaktiviert und geht nicht gegen die Krebszelle vor. Immun-Checkpoint-Inhibitoren\nl\u00f6sen diese Bremsen wieder. Sie besetzen ihrerseits die kritischen Oberfl\u00e4chenmolek\u00fcle\nder Krebszellen. So k\u00f6nnen diese die Ausschaltkn\u00f6pfe der T-Zellen nicht mehr\nbedienen und die T-Zellen k\u00f6nnen gegen sie vorgehen.<\/li><\/ul>\n\n\n\n<p class=\"translation-block\">Immunotherapies can also trigger side effects; the main danger is that the immune defence is also directed against the body's own healthy cells (autoimmune diseases).<br>\nThe new therapies do not yet have long-term results; they are also usually expensive and require special approvals from health insurance companies.<\/p>\n\n\n\n<h3 class=\"wp-block-heading\">Komplement\u00e4re Therapien bei Krebs<\/h3>\n\n\n\n<p>Komplement\u00e4re Behandlungen k\u00f6nnen erg\u00e4nzend zu den\nschulmedizinischen Krebstherapien eingesetzt werden. Ziel ist, deren\nWirksamkeit zu erh\u00f6hen und Nebenwirkungen zu reduzieren. Im Sinne einer\nintegrativen Onkologie sollten komplement\u00e4re Behandlungen mit dem Onkologen\nabgesprochen werden.<\/p>\n\n\n\n<p class=\"translation-block\">In addition to infusions, low-sugar food, sports activities, etc., hyperthermia has been proven its value as a complementary treatment in recent years. Accordingly, it is also reimbursed by various health insurance companies.<\/p>\n\n\n\n<h4 class=\"wp-block-heading\">Hyperthermia<\/h4>\n\n\n\n<p>Vom Krebs befallene K\u00f6rperteile werden durch elektromagnetische Wellen auf rund 43 Grad erw\u00e4rmt. Diese \u00dcberw\u00e4rmung (=Hyperthermie) hat zwei Effekte. Einerseits zerst\u00f6rt sie Krebszellen und andererseits sorgt sie durch eine erh\u00f6hte Durchblutung des Krebsgewebes f\u00fcr eine bessere Aufnahme der Zytostatika und der Bestrahlung. Deshalb sollte die Hyperthermie in zeitlicher N\u00e4he einer Chemo oder Bestrahlung durchgef\u00fchrt werden. <\/p>\n\n\n\n<p>Neben der lokalen und regionalen Hyperthermie kann auch der ganze K\u00f6rper (ohne Kopf) in einer Ganzk\u00f6rperhyperthemie erw\u00e4rmt werden, was systemisch wirkt. In diesem Fall befindet sich der K\u00f6rper in einem Zelt und wird f\u00fcr rund eine Stunde auf eine K\u00f6rpertemperatur von 41.5 Grad erw\u00e4rmt. <\/p>\n\n\n\n<p><br><\/p>\n<script type=\"text\/javascript\"> toolTips('.classtoolTips0','Krebs ist der Sammelbegriff f\u00fcr alle Krankheiten, bei denen urspr\u00fcnglich normale Zellen des menschlichen K\u00f6rpers sich zu Krebszellen ver\u00e4ndern. Krebszellen k\u00f6nnen sich ungehemmt vermehren, Tumoren bilden, dazu auch Blutgef\u00e4sse anzapfen, in benachbartes Gewebe einwachsen und es sch\u00e4digen, sich im K\u00f6rper ausbreiten und an anderen Stellen Tochtergeschw\u00fclste (Metastasen) bilden.'); <\/script>","protected":false},"excerpt":{"rendered":"<p>Unter Schulmedizin werden hier folgende Therapien aufgef\u00fchrt: Operation Chemotherapie Bestrahlungstherapie Knochenmark- und Blutstammzelltransplantation Antihormontherapie Immuntherapie. Die Onkologen sind bestens im &hellip; <a href=\"https:\/\/mct.cyon.site\/en\/schulmedizin\/\" class=\"more-link\"><span class=\"more-button\">Read More<span class=\"screen-reader-text\">Traditional Therapies<\/span><\/span><\/a><\/p>","protected":false},"author":1,"featured_media":0,"parent":0,"menu_order":0,"comment_status":"closed","ping_status":"closed","template":"","meta":{"footnotes":""},"class_list":["post-41","page","type-page","status-publish","hentry"],"_links":{"self":[{"href":"https:\/\/mct.cyon.site\/en\/wp-json\/wp\/v2\/pages\/41","targetHints":{"allow":["GET"]}}],"collection":[{"href":"https:\/\/mct.cyon.site\/en\/wp-json\/wp\/v2\/pages"}],"about":[{"href":"https:\/\/mct.cyon.site\/en\/wp-json\/wp\/v2\/types\/page"}],"author":[{"embeddable":true,"href":"https:\/\/mct.cyon.site\/en\/wp-json\/wp\/v2\/users\/1"}],"replies":[{"embeddable":true,"href":"https:\/\/mct.cyon.site\/en\/wp-json\/wp\/v2\/comments?post=41"}],"version-history":[{"count":40,"href":"https:\/\/mct.cyon.site\/en\/wp-json\/wp\/v2\/pages\/41\/revisions"}],"predecessor-version":[{"id":1478,"href":"https:\/\/mct.cyon.site\/en\/wp-json\/wp\/v2\/pages\/41\/revisions\/1478"}],"wp:attachment":[{"href":"https:\/\/mct.cyon.site\/en\/wp-json\/wp\/v2\/media?parent=41"}],"curies":[{"name":"wp","href":"https:\/\/api.w.org\/{rel}","templated":true}]}}