{"id":458,"date":"2019-08-10T12:47:58","date_gmt":"2019-08-10T12:47:58","guid":{"rendered":"http:\/\/mct.cyon.site\/schulmedizin-3\/"},"modified":"2019-11-16T11:44:10","modified_gmt":"2019-11-16T11:44:10","slug":"krebs","status":"publish","type":"page","link":"https:\/\/mct.cyon.site\/en\/krebs\/","title":{"rendered":"Cancer and Therapies?"},"content":{"rendered":"<p>Um die Therapieoptionen zu verstehen, sollte man wissen was <span class='tooltipsall tooltipsincontent classtoolTips0'>Cancer<\/span> ist und welche zwei wissenschaftlichen Theorien dar\u00fcber existieren. In K\u00fcrze \u2026 <\/p>\n\n\n\n<h3 class=\"wp-block-heading\">What is cancer?<\/h3>\n\n\n\n<p class=\"translation-block\">Cancer is the collective term for all diseases in which originally normal cells of the human body change into cancer cells. Cancer cells can proliferate unchecked, form tumors, tap blood vessels, grow into neighboring tissue and damage it, spread throughout the body and form metastases elsewhere.<\/p>\n\n\n\n<h3 class=\"wp-block-heading\"><a>Was kann Krebs ausl\u00f6sen?<\/a><\/h3>\n\n\n\n<p class=\"translation-block\">For most types of cancer, it is initiated by ageing (the mean age at which people become ill is 70 years). Other possible triggers include chronic inflammation, heredity (around 7%), viruses, environmental toxins, carcinogens, diet, unhealthy lifestyle, etc.<\/p>\n\n\n\n<h3 class=\"wp-block-heading\"><strong>Krebsursache gem\u00e4ss Mutationstheorie (Schulmedizin<\/strong>)<\/h3>\n\n\n\n<p class=\"translation-block\">Cancer cells develop when certain sections of the genetic material (genes) change, these changes are no longer repaired and the genetic information is \"falsified\" as a result. The older a person gets, the less reliable the gene repair system works. It is not clear how the gene mutations are triggered.<\/p>\n\n\n\n<h3 class=\"wp-block-heading translation-block\">Cause of cancer according to metabolic theory<\/h3>\n\n\n\n<p class=\"translation-block\">Metabolic theory also assumes that gene mutations are the cause of cancer. The enormously <b>significant difference<\/b>, however, is that the <b>primary cause of almost all types of cancer is the impaired energy metabolism of the cell<\/b>, which triggers the gene mutations. Mitochondria have a decisive role in energy metabolism.<\/p>\n\n\n\n<h3 class=\"wp-block-heading\"><strong>Difference of the theories <\/strong><\/h3>\n\n\n\n<p>Why is this difference so meaningful? <\/p>\n\n\n\n<p class=\"translation-block\">Because according to metabolic theory there is<b> only one cause for almost all types of cancer<\/b>, the impaired energy metabolism! If it is possible to find a <b>treatment that makes the mitochondria functional again<\/b> and thus normalizes the energy metabolism, the cancer can be stopped.<\/p>\n\n\n\n<p class=\"translation-block\">If one assumes, as in school opinion, that one has to fight gene mutations, one is confronted with <b>hundreds of different mutations<\/b>. This makes the new <b>targeted therapies very expensive and restricts them to one type of cancer<\/b>. In addition, one can only hope that a new mutation will not develop in the body of the affected person.<\/p>\n\n\n\n<h3 class=\"wp-block-heading\"><strong>Konsequenz f\u00fcr Therapien<\/strong><\/h3>\n\n\n\n<p class=\"translation-block\"><b>Therapeutic approach of the conventional medicine<\/b>: destroy tumors and metastases, combat gene mutations (surgery, chemo, radiation or new targeted therapies).<\/p>\n\n\n\n<p class=\"translation-block\"><b>Metabolic therapy approach<\/b>: Restore the function of mitochondria. Unfortunately, this therapeutic approach is not (yet) part of the training of physicians, so that you cannot expect any recommendations from most oncologists or any reimbursement from health insurance companies.  Therefore, <b>this website devotes more space to metabolic theory and therapy<\/b>.<\/p>\n\n\n\n<p class=\"translation-block\">The metabolic therapy <b>can be carried out parallel to a necessary conventional cancer therapy!<\/b> It has no side effects. So why not put it into practice <b>always and from the beginning!<\/b> Consider this as insurance, it costs only about \u20ac250 per month.<\/p>\n\n\n\n<h3 class=\"wp-block-heading\">Weitere Behandlungsans\u00e4tze <\/h3>\n\n\n\n<p class=\"translation-block\"><b>Complementary treatments<\/b> aim to increase the effect of conventional therapies and reduce harmful side effects.<\/p>\n\n\n\n<p class=\"translation-block\"><b>Alternative option<\/b>s are treatment methods that see themselves as an alternative to scientifically based therapies. They are not subject of this website.<\/p>\n\n\n\n<p><br><\/p>\n<script type=\"text\/javascript\"> toolTips('.classtoolTips0','Krebs ist der Sammelbegriff f\u00fcr alle Krankheiten, bei denen urspr\u00fcnglich normale Zellen des menschlichen K\u00f6rpers sich zu Krebszellen ver\u00e4ndern. Krebszellen k\u00f6nnen sich ungehemmt vermehren, Tumoren bilden, dazu auch Blutgef\u00e4sse anzapfen, in benachbartes Gewebe einwachsen und es sch\u00e4digen, sich im K\u00f6rper ausbreiten und an anderen Stellen Tochtergeschw\u00fclste (Metastasen) bilden.'); <\/script>","protected":false},"excerpt":{"rendered":"<p>Um die Therapieoptionen zu verstehen, sollte man wissen was Krebs ist und welche zwei wissenschaftlichen Theorien dar\u00fcber existieren. In K\u00fcrze &hellip; <a href=\"https:\/\/mct.cyon.site\/en\/krebs\/\" class=\"more-link\"><span class=\"more-button\">Read More<span class=\"screen-reader-text\">Cancer and Therapies?<\/span><\/span><\/a><\/p>","protected":false},"author":1,"featured_media":0,"parent":0,"menu_order":0,"comment_status":"closed","ping_status":"closed","template":"","meta":{"footnotes":""},"class_list":["post-458","page","type-page","status-publish","hentry"],"_links":{"self":[{"href":"https:\/\/mct.cyon.site\/en\/wp-json\/wp\/v2\/pages\/458","targetHints":{"allow":["GET"]}}],"collection":[{"href":"https:\/\/mct.cyon.site\/en\/wp-json\/wp\/v2\/pages"}],"about":[{"href":"https:\/\/mct.cyon.site\/en\/wp-json\/wp\/v2\/types\/page"}],"author":[{"embeddable":true,"href":"https:\/\/mct.cyon.site\/en\/wp-json\/wp\/v2\/users\/1"}],"replies":[{"embeddable":true,"href":"https:\/\/mct.cyon.site\/en\/wp-json\/wp\/v2\/comments?post=458"}],"version-history":[{"count":19,"href":"https:\/\/mct.cyon.site\/en\/wp-json\/wp\/v2\/pages\/458\/revisions"}],"predecessor-version":[{"id":1499,"href":"https:\/\/mct.cyon.site\/en\/wp-json\/wp\/v2\/pages\/458\/revisions\/1499"}],"wp:attachment":[{"href":"https:\/\/mct.cyon.site\/en\/wp-json\/wp\/v2\/media?parent=458"}],"curies":[{"name":"wp","href":"https:\/\/api.w.org\/{rel}","templated":true}]}}