{"id":470,"date":"2019-08-10T13:42:14","date_gmt":"2019-08-10T13:42:14","guid":{"rendered":"http:\/\/mct.cyon.site\/schulmedizin-4\/"},"modified":"2020-04-14T08:50:46","modified_gmt":"2020-04-14T08:50:46","slug":"vorgehen","status":"publish","type":"page","link":"https:\/\/mct.cyon.site\/en\/vorgehen\/","title":{"rendered":"Roadmap"},"content":{"rendered":"<h3 class=\"wp-block-heading\">Ihre Situation &#8230;<\/h3>\n\n\n\n<ul class=\"wp-block-list\"><li class=\"translation-block\">You've been told that <b>you have cancer<\/b>. You are under <b>shock and pressure<\/b> to start chemo immediately?   Or ...<\/li><li class=\"translation-block\">Your cancer is being <b>treated by chemo or radiation<\/b>. You suffer from side effects and simply want to know: <b>are there other alternatives?<\/b>   <br>Or ...<\/li><li class=\"translation-block\">After being well for some time, except for side effects, <b>metastases appeared suddenly. Go through chemo or radiation again?<\/b><\/li><\/ul>\n\n\n\n<h3 class=\"wp-block-heading\">\u2026 und Ihr Vorgehensplan<\/h3>\n\n\n\n<ol class=\"wp-block-list\"><li class=\"translation-block\">Find a holistically oriented physician (<b>integrative oncologist<\/b>), in addition to the oncologist for the purpose of second opinion, accompanying the metabolic therapy and eventual complementary treatments. He should be your <b>physician of trust<\/b> for your cancer treatment.<\/li><li class=\"translation-block\"><b>Carry out necessary conventional procedures<\/b> (surgery, mild chemotherapy, radiation, etc.) or new cancer therapies (if these can be paid for) <b>depending on the acute threat<\/b>, recommended by the oncologist and after consultation with your physician of trust.  <br><br><strong>and<\/strong>\/or in any casel<br><\/li><li class=\"translation-block\"><b>Start the metabolic therapy immediately<\/b> incl. supporting measures accompanied by your physician of trust. Exercise in fresh air and implement a healthy diet.<\/li><li class=\"translation-block\">In case of <b>advanced metastases<\/b>, use conventional methods only to avert acute life-threatening situations and strictly <b>continue the metabolic therapy and its supporting measures, in particular a sugar-reduced diet<\/b>.<\/li><li class=\"translation-block\"><b>Monitor the results<\/b> of the applied therapies with your oncologist and your physician of trust. <b>Make the required decisions with your physician of trust<\/b>.<\/li><\/ol>\n\n\n\n<p> <\/p>\n\n\n\n<p><br><\/p>\n<script type=\"text\/javascript\"> toolTips('.classtoolTips0','Krebs ist der Sammelbegriff f\u00fcr alle Krankheiten, bei denen urspr\u00fcnglich normale Zellen des menschlichen K\u00f6rpers sich zu Krebszellen ver\u00e4ndern. Krebszellen k\u00f6nnen sich ungehemmt vermehren, Tumoren bilden, dazu auch Blutgef\u00e4sse anzapfen, in benachbartes Gewebe einwachsen und es sch\u00e4digen, sich im K\u00f6rper ausbreiten und an anderen Stellen Tochtergeschw\u00fclste (Metastasen) bilden.'); <\/script>","protected":false},"excerpt":{"rendered":"<p>Ihre Situation &#8230; Sie haben vernommen, dass Sie Krebs haben. Sie sind unter Schock und unter Druck, sofort mit Chemo &hellip; <a href=\"https:\/\/mct.cyon.site\/en\/vorgehen\/\" class=\"more-link\"><span class=\"more-button\">Read More<span class=\"screen-reader-text\">Roadmap<\/span><\/span><\/a><\/p>","protected":false},"author":1,"featured_media":0,"parent":0,"menu_order":0,"comment_status":"closed","ping_status":"closed","template":"","meta":{"footnotes":""},"class_list":["post-470","page","type-page","status-publish","hentry"],"_links":{"self":[{"href":"https:\/\/mct.cyon.site\/en\/wp-json\/wp\/v2\/pages\/470","targetHints":{"allow":["GET"]}}],"collection":[{"href":"https:\/\/mct.cyon.site\/en\/wp-json\/wp\/v2\/pages"}],"about":[{"href":"https:\/\/mct.cyon.site\/en\/wp-json\/wp\/v2\/types\/page"}],"author":[{"embeddable":true,"href":"https:\/\/mct.cyon.site\/en\/wp-json\/wp\/v2\/users\/1"}],"replies":[{"embeddable":true,"href":"https:\/\/mct.cyon.site\/en\/wp-json\/wp\/v2\/comments?post=470"}],"version-history":[{"count":11,"href":"https:\/\/mct.cyon.site\/en\/wp-json\/wp\/v2\/pages\/470\/revisions"}],"predecessor-version":[{"id":1504,"href":"https:\/\/mct.cyon.site\/en\/wp-json\/wp\/v2\/pages\/470\/revisions\/1504"}],"wp:attachment":[{"href":"https:\/\/mct.cyon.site\/en\/wp-json\/wp\/v2\/media?parent=470"}],"curies":[{"name":"wp","href":"https:\/\/api.w.org\/{rel}","templated":true}]}}