{"id":480,"date":"2019-08-12T05:44:30","date_gmt":"2019-08-12T05:44:30","guid":{"rendered":"http:\/\/mct.cyon.site\/schulmedizin-5\/"},"modified":"2019-11-16T11:41:53","modified_gmt":"2019-11-16T11:41:53","slug":"ueberwachen","status":"publish","type":"page","link":"https:\/\/mct.cyon.site\/en\/ueberwachen\/","title":{"rendered":"Monitor Therapies"},"content":{"rendered":"<p>Der Erfolg einer Krebstherapie muss laufend \u00fcberwacht werden. Unabh\u00e4ngig von der Art der Therapie, ob schulmedizinisch oder metabolisch. Damit Sie rechtzeitig angepasst oder gewechselt werden kann und Nebenwirkungen begrenzt bleiben.<\/p>\n\n\n\n<p>Verlangen Sie die Eckwerte von Ihren \u00c4rzten, verfolgen Sie den Verlauf, sprechen sie Ihre \u00c4rzte auf notwendige Massnahmen an. <\/p>\n\n\n\n<p>F\u00fcr die Kontrolle stehen haupts\u00e4chlich zur Verf\u00fcgung:<\/p>\n\n\n\n<ul class=\"wp-block-list\"><li>Tumor markers<\/li><li class=\"translation-block\">MRI (magnetic resonance imaging)<\/li><li class=\"translation-block\">CT (computer tomography)<\/li><li class=\"translation-block\">PET (Positron Emission Tomography)<\/li><li>PET\/CT (combination of PET and CT in the same run)<\/li><li>Other methods.<\/li><\/ul>\n\n\n\n<p> Tomographic pictures are expensive and expose to radiation with the exception of magnetic resonance imaging.  Thus, an economical use is advisable. <\/p>\n\n\n\n<h3 class=\"wp-block-heading\">Tumor markers<\/h3>\n\n\n\n<p class=\"translation-block\">Tumor markers are substances that can increase in the body in the case of cancer. They are formed by cancer cells themselves or are a reaction of other body tissues to tumor growth. They are measured in blood, urine or tissue.<\/p>\n\n\n\n<p>Erh\u00f6hte\nTumormarker k\u00f6nnen auch bei anderen Krankheiten anfallen. Auch k\u00f6nnen die\nmeisten Tumormarker auf mehrere Krebsarten hinweisen und ihre Sensitivit\u00e4t ist\nsehr unterschiedlich. Aus diesen Gr\u00fcnden eignen sie sich wenig f\u00fcr eine\nKrebsdiagnose.<\/p>\n\n\n\n<p class=\"translation-block\">On the other hand, they serve to <b>monitor the progress<\/b> of a cancer. If the marker drops rapidly after treatment, the therapy is successful. If the values remain high, the doctor will consider changing the therapy.<\/p>\n\n\n\n<p class=\"translation-block\">Tumor markers are also useful for follow-up examinations after the cancer has passed. Again rising values can indicate a recurrence of the cancer.<\/p>\n\n\n\n<p>There are many tumor markers, here just two examples:<\/p>\n\n\n\n<ul class=\"wp-block-list\"><li>CA 15-3 &lt; 31 Units\/ml<\/li><li>CA 19-9 &lt; 37 Units\/ml.<\/li><\/ul>\n\n\n\n<p>Leider sind Tumormarker nicht f\u00fcr alle Krebsarten verf\u00fcgbar und wenn vorhanden nur m\u00e4ssig aufschlussreich. Bessere Aussagen erh\u00e4lt man bei Tumoren durch folgende Verfahren. <br> <\/p>\n\n\n\n<h3 class=\"wp-block-heading\">MRI or MRT (magnetic resonance imaging)<\/h3>\n\n\n\n<p>Mittels der Magnetresonanztomografie kann man Schichtbilder erzeugen, die K\u00f6rperorgane und Lage und Gr\u00f6sse eines Tumors klar darstellen. Das Verfahren funktioniert mit Magnetfeld und Radiowellen ohne sch\u00e4dliche Strahlung.<\/p>\n\n\n\n<h3 class=\"wp-block-heading translation-block\">CT (computer tomography)<\/h3>\n\n\n\n<p> Mittels der Computertomografie (CT) kann man f\u00fcr eine bestimmte K\u00f6rperregion Querschnittbilder mit einer hohen Aufl\u00f6sung erzeugen. Das Verfahren ben\u00f6tigt R\u00f6ntgenstrahlen, wobei die Strahlendosis auf das notwendige Minimum beschr\u00e4nkt wird. <\/p>\n\n\n\n<h3 class=\"wp-block-heading translation-block\">PET (Positron Emission Tomography)<\/h3>\n\n\n\n<p class=\"translation-block\">PET makes it possible to visualize metabolic processes in the body by injecting radioactively marked glucose (tracer) into the bloodstream. After a short waiting period, tumors and metastases become visible in the PET image due to their increased sugar uptake (fermentation instead of oxidation, see metabolic theory).<\/p>\n\n\n\n<p class=\"translation-block\">The PET image shows the size of the tumors and their activity (different colors). The activity is indicated by the SUV value. The SUV, Standardized Uptake Value, indicates how aggressively a tumor consumes sugar.<\/p>\n\n\n\n<p>Durch die Verfolgung von Gr\u00f6\u00dfe und SUV-Aktivit\u00e4t kann die Wirkung einer Therapie gemessen werden.<\/p>\n\n\n\n<h3 class=\"wp-block-heading\">PET\/CT<\/h3>\n\n\n\n<p>Da beim PET oft die exakte anatomische Zuordnung zu einem Organ nicht m\u00f6glich ist, wird in einem kombinierten Ger\u00e4t beim gleichen Durchlauf auch eine Computertomografie durchgef\u00fchrt. Die Strahlenbelastung entspricht rund der zweifachen j\u00e4hrlichen nat\u00fcrlichen Strahlenbelastung in der Schweiz (4.8 mSv). <\/p>\n\n\n\n<h3 class=\"wp-block-heading\">Further monitoring methods<\/h3>\n\n\n\n<h4 class=\"wp-block-heading\">Maintrac<\/h4>\n\n\n\n<p>Maintrac is a blood test that detects cells that have been washed from the tumor into the blood. It indicates how many active cancer cells are contained in 1 ml of blood.  <\/p>\n\n\n\n<p> Diese Zellen sind f\u00fcr die metastatische Ausbreitung und damit f\u00fcr den weiteren Krankheitsverlauf verantwortlich. Krebstherapien zielen darauf ab, diese Zellen zu zerst\u00f6ren. Die \u00dcberwachung dieser Zellen in ihrer Anzahl und Struktur gibt Aufschluss \u00fcber die Wirksamkeit der Therapie. Nicht krankenkassenpflichtig. <\/p>\n\n\n\n<h4 class=\"wp-block-heading\">Ketose\u00fcberwachung<\/h4>\n\n\n\n<p class=\"translation-block\">If the ketogenic diet has been selected in addition to the metabolic therapy, it must be checked whether the body has switched to ketosis.<\/p>\n\n\n\n<p>This can be determined by measuring the ketone value via breath, blood or urine:<\/p>\n\n\n\n<ul class=\"wp-block-list\"><li>Urin-Teststreifen. Geeignet f\u00fcr den Anfang einer\nketogenen Ern\u00e4hrung, schneller und einfacher Hinweis, g\u00fcnstig. Am Morgen vor\ndem Aufstehen.<\/li><li>Blut-Keton-Messger\u00e4t, auch als Blutzuckermessger\u00e4t\nverwendbar. Bluttropfen auf Messstreifen und ablesen im Ger\u00e4t.<\/li><li>Atem-Keton-Messger\u00e4t, Ketonwert nach reinblasen.<\/li><\/ul>\n\n\n\n<p>Optimale Ketosewerte liegen zwischen 1 und 3 mmol\/l. Bei Krebs 3 mmol\/l anstreben.  H\u00f6here Werte als 3 mmol\/l sind gef\u00e4hrlich und erfordern \u00e4rztliche Hilfe. <\/p>\n\n\n\n<p><br><\/p>\n<script type=\"text\/javascript\"> toolTips('.classtoolTips0','Krebs ist der Sammelbegriff f\u00fcr alle Krankheiten, bei denen urspr\u00fcnglich normale Zellen des menschlichen K\u00f6rpers sich zu Krebszellen ver\u00e4ndern. Krebszellen k\u00f6nnen sich ungehemmt vermehren, Tumoren bilden, dazu auch Blutgef\u00e4sse anzapfen, in benachbartes Gewebe einwachsen und es sch\u00e4digen, sich im K\u00f6rper ausbreiten und an anderen Stellen Tochtergeschw\u00fclste (Metastasen) bilden.'); <\/script>","protected":false},"excerpt":{"rendered":"<p>Der Erfolg einer Krebstherapie muss laufend \u00fcberwacht werden. Unabh\u00e4ngig von der Art der Therapie, ob schulmedizinisch oder metabolisch. Damit Sie &hellip; <a href=\"https:\/\/mct.cyon.site\/en\/ueberwachen\/\" class=\"more-link\"><span class=\"more-button\">Read More<span class=\"screen-reader-text\">Monitor Therapies<\/span><\/span><\/a><\/p>","protected":false},"author":1,"featured_media":0,"parent":0,"menu_order":0,"comment_status":"closed","ping_status":"closed","template":"","meta":{"footnotes":""},"class_list":["post-480","page","type-page","status-publish","hentry"],"_links":{"self":[{"href":"https:\/\/mct.cyon.site\/en\/wp-json\/wp\/v2\/pages\/480","targetHints":{"allow":["GET"]}}],"collection":[{"href":"https:\/\/mct.cyon.site\/en\/wp-json\/wp\/v2\/pages"}],"about":[{"href":"https:\/\/mct.cyon.site\/en\/wp-json\/wp\/v2\/types\/page"}],"author":[{"embeddable":true,"href":"https:\/\/mct.cyon.site\/en\/wp-json\/wp\/v2\/users\/1"}],"replies":[{"embeddable":true,"href":"https:\/\/mct.cyon.site\/en\/wp-json\/wp\/v2\/comments?post=480"}],"version-history":[{"count":15,"href":"https:\/\/mct.cyon.site\/en\/wp-json\/wp\/v2\/pages\/480\/revisions"}],"predecessor-version":[{"id":1496,"href":"https:\/\/mct.cyon.site\/en\/wp-json\/wp\/v2\/pages\/480\/revisions\/1496"}],"wp:attachment":[{"href":"https:\/\/mct.cyon.site\/en\/wp-json\/wp\/v2\/media?parent=480"}],"curies":[{"name":"wp","href":"https:\/\/api.w.org\/{rel}","templated":true}]}}