{"id":505,"date":"2019-08-12T08:42:59","date_gmt":"2019-08-12T08:42:59","guid":{"rendered":"http:\/\/mct.cyon.site\/schulmedizin-5-2\/"},"modified":"2019-11-16T11:39:34","modified_gmt":"2019-11-16T11:39:34","slug":"ausblick","status":"publish","type":"page","link":"https:\/\/mct.cyon.site\/en\/ausblick\/","title":{"rendered":"Outlook"},"content":{"rendered":"<p class=\"translation-block\">In addition to the conventional treatments for cancer, you have also become acquainted with the <b>metabolic options<\/b> on this website.<\/p>\n\n\n\n<p class=\"translation-block\">The metabolic theory assumes that <b>cancer is a metabolic disease<\/b> and is caused by a defect in the cellular energy metabolism that is mainly related to mitochondrial disfunction.<\/p>\n\n\n\n<p class=\"translation-block\">This<b> opens up new possibilities<\/b> that are not proposed in the traditional medical environment because it assumes that cancer is not a uniform disease that can be treated with a single strategy.<\/p>\n\n\n\n<p class=\"translation-block\">Metabolic therapies can be performed alongside conservative therapies and <b>increase your chances of successfully combating your disease<\/b>. They are inexpensive and have no harmful side effects.<\/p>\n\n\n\n<p>Mit der metabolischen Theorie l\u00e4sst sich aber noch mehr erkl\u00e4ren. Sobald die Mitochondrien ihre F\u00e4higkeit einb\u00fcssen, effizient zu arbeiten, setzt der funktionelle Verfall ein, den man als &#171;Altern&#187; bezeichnet, verbunden mit den entsprechenden Auswirkungen und Krankheiten, wie <strong>Cancer<\/strong>, <strong>Alzheimer und Parkinson<\/strong>. Entsprechend kann man davon ausgehen, dass die metabolischen Optionen auch bei neurodegenerativen Krankheiten im Anfangsstadium helfen. <\/p>\n\n\n\n<p>Es ist zu hoffen, dass die Forschung gem\u00e4ss metabolischem Ansatz intensiviert wird und schliesslich zur Heilung von Krebs und weiteren Krankheiten f\u00fchrt. Dies, nachdem die schulmedizinischen Therapien in den letzten 50 Jahren die Sterblichkeit, gemessen \u00fcber mehr als f\u00fcnf Jahre nur wenig verringern konnten (mit Ausnahme f\u00fcr wenige Krebsarten und der l\u00e4ngerfristig noch nicht bekannten Wirkung zielgerichteter Therapien).<\/p>\n\n\n\n<p class=\"translation-block\">However, for you as a cancer patient, the <b>short-term goal is to get your disease under control with the currently available options<\/b>. To cure the cancer or at least stop it and keep it under control to continue your life  in good quality. You have learned the options, the<b> initiative is yours!<\/b><\/p>\n\n\n\n<p><\/p>\n<script type=\"text\/javascript\"> toolTips('.classtoolTips0','Krebs ist der Sammelbegriff f\u00fcr alle Krankheiten, bei denen urspr\u00fcnglich normale Zellen des menschlichen K\u00f6rpers sich zu Krebszellen ver\u00e4ndern. Krebszellen k\u00f6nnen sich ungehemmt vermehren, Tumoren bilden, dazu auch Blutgef\u00e4sse anzapfen, in benachbartes Gewebe einwachsen und es sch\u00e4digen, sich im K\u00f6rper ausbreiten und an anderen Stellen Tochtergeschw\u00fclste (Metastasen) bilden.'); <\/script>","protected":false},"excerpt":{"rendered":"<p>Neben den schulmedizinischen Behandlungsmethoden von Krebs haben Sie auf dieser Webseite die metabolischen Optionen kennengelernt. Die metabolische Theorie geht davon &hellip; <a href=\"https:\/\/mct.cyon.site\/en\/ausblick\/\" class=\"more-link\"><span class=\"more-button\">Read More<span class=\"screen-reader-text\">Outlook<\/span><\/span><\/a><\/p>","protected":false},"author":1,"featured_media":0,"parent":0,"menu_order":0,"comment_status":"closed","ping_status":"closed","template":"","meta":{"footnotes":""},"class_list":["post-505","page","type-page","status-publish","hentry"],"_links":{"self":[{"href":"https:\/\/mct.cyon.site\/en\/wp-json\/wp\/v2\/pages\/505","targetHints":{"allow":["GET"]}}],"collection":[{"href":"https:\/\/mct.cyon.site\/en\/wp-json\/wp\/v2\/pages"}],"about":[{"href":"https:\/\/mct.cyon.site\/en\/wp-json\/wp\/v2\/types\/page"}],"author":[{"embeddable":true,"href":"https:\/\/mct.cyon.site\/en\/wp-json\/wp\/v2\/users\/1"}],"replies":[{"embeddable":true,"href":"https:\/\/mct.cyon.site\/en\/wp-json\/wp\/v2\/comments?post=505"}],"version-history":[{"count":30,"href":"https:\/\/mct.cyon.site\/en\/wp-json\/wp\/v2\/pages\/505\/revisions"}],"predecessor-version":[{"id":1495,"href":"https:\/\/mct.cyon.site\/en\/wp-json\/wp\/v2\/pages\/505\/revisions\/1495"}],"wp:attachment":[{"href":"https:\/\/mct.cyon.site\/en\/wp-json\/wp\/v2\/media?parent=505"}],"curies":[{"name":"wp","href":"https:\/\/api.w.org\/{rel}","templated":true}]}}