{"id":725,"date":"2019-08-30T13:34:11","date_gmt":"2019-08-30T13:34:11","guid":{"rendered":"http:\/\/mct.cyon.site\/schulmedizin-5-2-3\/"},"modified":"2020-04-29T08:05:50","modified_gmt":"2020-04-29T08:05:50","slug":"metabolisch","status":"publish","type":"page","link":"https:\/\/mct.cyon.site\/en\/metabolisch\/","title":{"rendered":"Metabolic Therapy"},"content":{"rendered":"<p class=\"translation-block\">As early as 1931, the physician and researcher Otto Warburg was awarded the <b>Nobel Prize<\/b> for his discovery that <b>cancer cells receive their energy through a change in the metabolism of the cell<\/b>, namely through fermenting instead of burning the sugar.<\/p>\n\n\n\n<p>Erst in den letzten Jahren hat die Forschung bez\u00fcglich Stoffwechsel der Krebszellen wieder Fahrt aufgenommen, nachdem sie jahrzehntelang haupts\u00e4chlich auf die Gene konzentriert war.<\/p>\n\n\n\n<p>Aus dieser Forschung resultiert eine erste Therapie. Sie wird nach der Erl\u00e4uterung der Stoffwechselst\u00f6rung vorgestellt. <\/p>\n\n\n\n<h3 class=\"wp-block-heading\"><a>Stoffwechselst\u00f6rung als Krebsursache<\/a><\/h3>\n\n\n\n<p class=\"translation-block\">In <b>healthy cells<\/b>, many small power plants (<b>mitochondria<\/b>) ensure that the vital energy is produced by burning (oxidizing) the sugar ingested from food with the oxygen inhaled.<\/p>\n\n\n\n<p class=\"translation-block\">The <b>cancer cell has a disturbed metabolism, the mitochondria function no longer properly<\/b>, they cannot burn the sugar. When the oxidation no longer works, the cell has to resort to <b>fermentation<\/b> to produce the energy it needs to survive. To produce the same amount of energy, it needs twenty times more sugar, it is hungry for glucose (as can be seen on the PET scan, which uses radioactive glucose to represent tumors).<\/p>\n\n\n\n<p class=\"translation-block\">During fermentation, degradation substances are produced, including those that can attack the cell nucleus and mutate genes. Acid value (pH) and cell potential change, the cell swells and begins to divide, the pressure increases, the cells harden and a tumor develops.<\/p>\n\n\n\n<h3 class=\"wp-block-heading\"><a>Metabolic Therapy<\/a><\/h3>\n\n\n\n<p> Dr. Laurent Schwartz, Onkologe und Forscher, Paris hat in langj\u00e4hriger Forschung mit seinem Team eine Therapie erarbeitet, welche seit einigen Jahren angewendet wird. <\/p>\n\n\n\n<p class=\"translation-block\">The aim of the therapy is to <b>reverse the metabolic disorder<\/b>, restoring the mitochondria to burn sugar again and inhibit the formation of new cancer cells. It combines two substances, <b>alpha lipoic acid and calcium hydroxycitrate<\/b>. Both ingredients must be taken in combination to achieve the desired effect.<\/p>\n\n\n\n<p><strong>Dosage<\/strong><\/p>\n\n\n\n<p>T\u00e4gliche Einnahme der nicht rezeptpflichtigen Wirkstoffe<\/p>\n\n\n\n<ul class=\"wp-block-list\"><li class=\"translation-block\"><b>R-alpha-lipoic acid<\/b> in capsule form (800 mg each morning and evening, 1-0-1). If a port is available, the intake of R-alpha lipoic acid in capsule form is replaced by a daily infusion of alpha lipoic acid (600 mg) for the first three weeks.<\/li><li class=\"translation-block\"><b>Hydroxycitrate<\/b> in capsule form (500 mg each morning, midday and evening, 1-1-1). Hydroxycitrate is obtained from the Garcinia Cambogia fruit. The Garcinia Cambogia capsules usually contain only 60% hydroxycitrate, therefore in these cases it is necessary to take 800 mg capsules three times a day.<\/li><\/ul>\n\n\n\n<p>Bekannte m\u00f6gliche Nebenwirkungen sind vor\u00fcbergehende und moderate Gewichtsabnahme bzw. dezent euphorisierende Wirkung.<\/p>\n\n\n\n<p>Eine zuckerarme Ern\u00e4hrung verst\u00e4rkt die Wirkung. Bei Metastasen wird dies dringend empfohlen.<\/p>\n\n\n\n<p class=\"translation-block\">Carry out this therapy in consultation with and under the supervision of your physician of trust.<\/p>\n\n\n\n<p>Bezugsquellen f\u00fcr die Wirkstoffe finden Sie im Internet. F\u00fcllen Sie das nebenstehende Formular aus um eine &nbsp;unverbindliche Liste zu erhalten.<\/p>\n\n\n\n<h3 class=\"wp-block-heading\">Erg\u00e4nzende Optionen zur metabolischen Therapie<\/h3>\n\n\n\n<p>Folgende begleitende Massnahmen haben sich in der Praxis bew\u00e4hrt, um die Wirkung der Metabolischen Therapie noch zu verst\u00e4rken:<\/p>\n\n\n\n<ul class=\"wp-block-list\"><li>Zuckerarme Ern\u00e4hrung<\/li><li class=\"translation-block\">Use of Methylene Blue or Chlorine Dioxide solution.<\/li><\/ul>\n\n\n\n<h4 class=\"has-medium-black-color has-text-color wp-block-heading\">Zuckerarme Ern\u00e4hrung <\/h4>\n\n\n\n<p>Krebszellen brauchen zwanzigmal mehr Zucker als normale Zellen, sie sind &#171;glukosehungrig&#187;. &nbsp;Nimmt man weniger Zucker zu sich, werden Krebszellen &#171;ausgehungert&#187;. Normale Zellen sind davon nicht betroffen, da sie anstatt Zucker Ketone verwerten k\u00f6nnen, welche der K\u00f6rper bei Zuckermangel aus Fett bildet.<\/p>\n\n\n\n<p class=\"translation-block\">The ketogenic diet describes what is meant by a low-sugar diet in extreme form, namely a reduction in carbohydrate consumption to 20-50 g per day. In order to still be able to produce energy, the metabolism changes from sugar to ketones, the body gets into ketosis.<\/p>\n\n\n\n<p class=\"translation-block\">Although a ketogenic diet has helped many cancer patients, the latest research shows that cancer cells may also be able to utilize ketones. Therefore, to be on the cautious side, a <strong> low-sugar diet is currently recommended <\/strong>without the body constantly getting into ketosis. Keto-cycling might also help.<\/p>\n\n\n\n<h4 class=\"wp-block-heading\">Methylene Blue<\/h4>\n\n\n\n<p class=\"translation-block\">Methylene blue is a molecule that reacts strongly to acidic pH and thus selectively targets tissue that deviates from the normal slightly alkaline pH of the body cells (e.g. the acidic environment of cancer cells). There it works as follows:<\/p>\n\n\n\n<ul class=\"wp-block-list\"><li>It improves mitochondrial efficiency and respiration, which slows down the growth and development of cancer cells<\/li><li>Als starkes Antioxidans neutralisiert Methylenblau freie Radikale, bevor diese Schaden anrichten k\u00f6nnen.<\/li><\/ul>\n\n\n\n<p class=\"translation-block\">In an alkaline environment it has a blue color, in an acidic medium it is colorless. It is active for 5.5 hours in the body (half-life). It can cross the blood-brain barrier.<\/p>\n\n\n\n<p class=\"translation-block\">Dosage: 3 x 75 mg per day of pharmaceutical methylene blue powder dissolved in a glass of water, as a supplement to metabolic therapy and low-sugar nutrition. \n<br>Control: Check tumor markers; should fall within a month.<\/p>\n\n\n\n<p>PS: Methylene blue can also be used for neurodegenerative symptoms.<\/p>\n\n\n\n<h4 class=\"wp-block-heading\">Chlordioxid-L\u00f6sung<\/h4>\n\n\n\n<p>Chlordioxid ist ein Molek\u00fcl, das stark auf sauren pH-Wert reagiert und somit selektiv auf Gewebe oder Substanzen zielt, die vom normalen pH-Wert der K\u00f6rperzellen abweichen. Die Wirkung wird bei Abwesenheit von Sauerstoff (Anaerobie) noch verst\u00e4rkt.&nbsp; Beides trifft beispielsweise bei Krebszellen zu, die in saurer Umgebung in Anaerobie leben. Chlordioxid \u00fcberwindet auch die Blut-Hirn-Schranke. Als Oxidans eliminiert es Zellen und Substanzen in saurer Umgebung durch Oxidation (Redox).<\/p>\n\n\n\n<p>Chlordioxid-L\u00f6sung besteht aus Wasser, in welchem das destillierte Gas von Natriumchlorit, aktiviert mit einer S\u00e4ure, gebunden wird. Die L\u00f6sung wirkt im K\u00f6rper nur bis zu 1.5 Stunden (Halbwertzeit), anschliessend zerf\u00e4llt sie in harmlose Molek\u00fcle. Auf Grund der geringen Wirkungsdauer muss die L\u00f6sung h\u00e4ufig eingenommen werden, was umst\u00e4ndlich ist.<\/p>\n\n\n\n<p>Die Chlordioxid-L\u00f6sung kann aus zwei Komponenten selbst hergestellt oder kann als fertiges Produkt (CDL f\u00fcr Chlor Dioxid L\u00f6sung oder CDS f\u00fcr Chlorine Dioxide Solution) bezogen werden.<\/p>\n\n\n\n<p class=\"translation-block\">If you <strong> do-it-yourself <\/strong> the dosage is as follows:<\/p>\n\n\n\n<p class=\"translation-block\">1-3 drops every 2 hours up to 8-10 times a day, maximum 30 drops, as a supplement to metabolic therapy and low-sugar diet.<br>Control: tumor markers check, should fall within a month.<\/p>\n\n\n\n<p>PS: Chlordioxid eliminiert zus\u00e4tzlich Krankheitserreger (Viren, Bakterien, Parasiten, Pilze \u2026) welche nicht im Gleichgewicht mit dem pH-Wert des K\u00f6rpers sind.<\/p>\n<script type=\"text\/javascript\"> toolTips('.classtoolTips0','Krebs ist der Sammelbegriff f\u00fcr alle Krankheiten, bei denen urspr\u00fcnglich normale Zellen des menschlichen K\u00f6rpers sich zu Krebszellen ver\u00e4ndern. Krebszellen k\u00f6nnen sich ungehemmt vermehren, Tumoren bilden, dazu auch Blutgef\u00e4sse anzapfen, in benachbartes Gewebe einwachsen und es sch\u00e4digen, sich im K\u00f6rper ausbreiten und an anderen Stellen Tochtergeschw\u00fclste (Metastasen) bilden.'); <\/script>","protected":false},"excerpt":{"rendered":"<p>Schon 1931 hatte der Arzt und Forscher Otto Warburg f\u00fcr seine Entdeckung den Nobelpreis erhalten, dass Krebszellen ihre Energie durch &hellip; <a href=\"https:\/\/mct.cyon.site\/en\/metabolisch\/\" class=\"more-link\"><span class=\"more-button\">Read More<span class=\"screen-reader-text\">Metabolic Therapy<\/span><\/span><\/a><\/p>","protected":false},"author":1,"featured_media":0,"parent":0,"menu_order":0,"comment_status":"closed","ping_status":"closed","template":"","meta":{"footnotes":""},"class_list":["post-725","page","type-page","status-publish","hentry"],"_links":{"self":[{"href":"https:\/\/mct.cyon.site\/en\/wp-json\/wp\/v2\/pages\/725","targetHints":{"allow":["GET"]}}],"collection":[{"href":"https:\/\/mct.cyon.site\/en\/wp-json\/wp\/v2\/pages"}],"about":[{"href":"https:\/\/mct.cyon.site\/en\/wp-json\/wp\/v2\/types\/page"}],"author":[{"embeddable":true,"href":"https:\/\/mct.cyon.site\/en\/wp-json\/wp\/v2\/users\/1"}],"replies":[{"embeddable":true,"href":"https:\/\/mct.cyon.site\/en\/wp-json\/wp\/v2\/comments?post=725"}],"version-history":[{"count":52,"href":"https:\/\/mct.cyon.site\/en\/wp-json\/wp\/v2\/pages\/725\/revisions"}],"predecessor-version":[{"id":1662,"href":"https:\/\/mct.cyon.site\/en\/wp-json\/wp\/v2\/pages\/725\/revisions\/1662"}],"wp:attachment":[{"href":"https:\/\/mct.cyon.site\/en\/wp-json\/wp\/v2\/media?parent=725"}],"curies":[{"name":"wp","href":"https:\/\/api.w.org\/{rel}","templated":true}]}}