{"id":819,"date":"2019-09-01T13:10:29","date_gmt":"2019-09-01T13:10:29","guid":{"rendered":"http:\/\/mct.cyon.site\/schulmedizin-5-2-2\/"},"modified":"2020-04-26T10:04:41","modified_gmt":"2020-04-26T10:04:41","slug":"schulmedizin-5-2-2","status":"publish","type":"page","link":"https:\/\/mct.cyon.site\/en\/","title":{"rendered":""},"content":{"rendered":"<p>Liebe\nKrebsbetroffene und Angeh\u00f6rige<\/p>\n\n\n\n<p class=\"translation-block\">The <b>diagnosis of cancer shocks<\/b>. The oncologist prescribes a therapy. You try to find out more on the Internet; acquaintances give advice. The abundance of sometimes conflicting information confuses. Are there options, <b>which way is the right one for me, what should I do?<\/b><\/p>\n\n\n\n<p class=\"translation-block\">This website provides you with the basics for your therapy decisions in the course of the disease, in generally understandable language. Besides the <b>conventional and new targeted treatments also about new metabolic therapies<\/b>, which the oncologist does not (yet) propose, but which can be life-saving!<\/p>\n\n\n\n<p class=\"translation-block\">The doctor suggests a treatment, but <b>you have to make the decision<\/b>, often with reduced mental and physical condition. This website is designed to help you. The <b>goal is a successful cancer therapy for you!<\/b><\/p>\n\n\n\n<p class=\"translation-block\"><b>Remark<\/b>: This website has been compiled to the best of our knowledge and belief for cancer patients. The information gained from accompanying cancer patients has been incorporated into this website. Descriptions and representations are deliberately simplified for the target audience. There are no commercial dependencies or interests.<\/p>\n<script type=\"text\/javascript\"> toolTips('.classtoolTips0','Krebs ist der Sammelbegriff f\u00fcr alle Krankheiten, bei denen urspr\u00fcnglich normale Zellen des menschlichen K\u00f6rpers sich zu Krebszellen ver\u00e4ndern. Krebszellen k\u00f6nnen sich ungehemmt vermehren, Tumoren bilden, dazu auch Blutgef\u00e4sse anzapfen, in benachbartes Gewebe einwachsen und es sch\u00e4digen, sich im K\u00f6rper ausbreiten und an anderen Stellen Tochtergeschw\u00fclste (Metastasen) bilden.'); <\/script>","protected":false},"excerpt":{"rendered":"<p>Liebe Krebsbetroffene und Angeh\u00f6rige Die Diagnose Krebs schockiert. Der Onkologe verschreibt eine Therapie. Sie versuchen im Internet mehr dar\u00fcber zu &hellip; <a href=\"https:\/\/mct.cyon.site\/en\/\" class=\"more-link\"><span class=\"more-button\">Read More<span class=\"screen-reader-text\"><\/span><\/span><\/a><\/p>","protected":false},"author":1,"featured_media":0,"parent":0,"menu_order":0,"comment_status":"closed","ping_status":"closed","template":"templates\/right-sidebar.php","meta":{"footnotes":""},"class_list":["post-819","page","type-page","status-publish","hentry"],"_links":{"self":[{"href":"https:\/\/mct.cyon.site\/en\/wp-json\/wp\/v2\/pages\/819","targetHints":{"allow":["GET"]}}],"collection":[{"href":"https:\/\/mct.cyon.site\/en\/wp-json\/wp\/v2\/pages"}],"about":[{"href":"https:\/\/mct.cyon.site\/en\/wp-json\/wp\/v2\/types\/page"}],"author":[{"embeddable":true,"href":"https:\/\/mct.cyon.site\/en\/wp-json\/wp\/v2\/users\/1"}],"replies":[{"embeddable":true,"href":"https:\/\/mct.cyon.site\/en\/wp-json\/wp\/v2\/comments?post=819"}],"version-history":[{"count":8,"href":"https:\/\/mct.cyon.site\/en\/wp-json\/wp\/v2\/pages\/819\/revisions"}],"predecessor-version":[{"id":1385,"href":"https:\/\/mct.cyon.site\/en\/wp-json\/wp\/v2\/pages\/819\/revisions\/1385"}],"wp:attachment":[{"href":"https:\/\/mct.cyon.site\/en\/wp-json\/wp\/v2\/media?parent=819"}],"curies":[{"name":"wp","href":"https:\/\/api.w.org\/{rel}","templated":true}]}}